{"id":7,"date":"2023-06-22T16:53:42","date_gmt":"2023-06-22T14:53:42","guid":{"rendered":"https:\/\/jumpers.work\/ikamar\/?page_id=7"},"modified":"2023-12-13T09:05:31","modified_gmt":"2023-12-13T08:05:31","slug":"inicio","status":"publish","type":"page","link":"https:\/\/ikamar.com\/fr\/","title":{"rendered":"D\u00e9marrage"},"content":{"rendered":"<div data-elementor-type=\"wp-page\" data-elementor-id=\"7\" class=\"elementor elementor-7\" data-elementor-post-type=\"page\">\n\t\t\t\t\t\t<section class=\"elementor-section elementor-top-section elementor-element elementor-element-0b3d87f elementor-section-full_width elementor-section-height-default elementor-section-height-default\" data-id=\"0b3d87f\" data-element_type=\"section\" data-settings=\"{&quot;background_background&quot;:&quot;video&quot;,&quot;shape_divider_bottom&quot;:&quot;waves&quot;,&quot;background_video_link&quot;:&quot;https:\\\/\\\/ikamar.com\\\/wp-content\\\/uploads\\\/2023\\\/10\\\/ikamar-video.mp4&quot;,&quot;background_play_on_mobile&quot;:&quot;yes&quot;}\">\n\t\t\t\t\t\t\t\t<div class=\"elementor-background-video-container\" aria-hidden=\"true\">\n\t\t\t\t\t\t\t\t\t\t\t\t\t<video class=\"elementor-background-video-hosted\" autoplay muted playsinline loop><\/video>\n\t\t\t\t\t\t\t\t\t\t\t<\/div>\n\t\t\t\t\t\t\t\t\t<div class=\"elementor-background-overlay\"><\/div>\n\t\t\t\t\t\t<div class=\"elementor-shape elementor-shape-bottom\" aria-hidden=\"true\" data-negative=\"false\">\n\t\t\t<svg xmlns=\"http:\/\/www.w3.org\/2000\/svg\" viewbox=\"0 0 1000 100\" preserveaspectratio=\"none\">\n\t<path class=\"elementor-shape-fill\" d=\"M421.9,6.5c22.6-2.5,51.5,0.4,75.5,5.3c23.6,4.9,70.9,23.5,100.5,35.7c75.8,32.2,133.7,44.5,192.6,49.7\tc23.6,2.1,48.7,3.5,103.4-2.5c54.7-6,106.2-25.6,106.2-25.6V0H0v30.3c0,0,72,32.6,158.4,30.5c39.2-0.7,92.8-6.7,134-22.4\tc21.2-8.1,52.2-18.2,79.7-24.2C399.3,7.9,411.6,7.5,421.9,6.5z\"\/>\n<\/svg>\t\t<\/div>\n\t\t\t\t\t<div class=\"elementor-container elementor-column-gap-default\">\n\t\t\t\t\t<div class=\"elementor-column elementor-col-100 elementor-top-column elementor-element elementor-element-1ce40be\" data-id=\"1ce40be\" data-element_type=\"column\">\n\t\t\t<div class=\"elementor-widget-wrap elementor-element-populated\">\n\t\t\t\t\t\t<section class=\"elementor-section elementor-inner-section elementor-element elementor-element-05728fd elementor-section-full_width animated-slow elementor-section-height-default elementor-section-height-default elementor-invisible\" data-id=\"05728fd\" data-element_type=\"section\" data-settings=\"{&quot;animation&quot;:&quot;fadeInDown&quot;,&quot;animation_delay&quot;:300}\">\n\t\t\t\t\t\t<div class=\"elementor-container elementor-column-gap-default\">\n\t\t\t\t\t<div class=\"elementor-column elementor-col-100 elementor-inner-column elementor-element elementor-element-aa60e4a\" data-id=\"aa60e4a\" data-element_type=\"column\">\n\t\t\t<div class=\"elementor-widget-wrap elementor-element-populated\">\n\t\t\t\t\t\t<div class=\"elementor-element elementor-element-4af5e6e elementor-widget elementor-widget-heading\" data-id=\"4af5e6e\" data-element_type=\"widget\" data-widget_type=\"heading.default\">\n\t\t\t\t<div class=\"elementor-widget-container\">\n\t\t\t\t\t<h2 class=\"elementor-heading-title elementor-size-default\">S\u00e9lection de fruits de mer Ikamar<\/h2>\t\t\t\t<\/div>\n\t\t\t\t<\/div>\n\t\t\t\t<div class=\"elementor-element elementor-element-e9bf88d elementor-widget elementor-widget-heading\" data-id=\"e9bf88d\" data-element_type=\"widget\" data-widget_type=\"heading.default\">\n\t\t\t\t<div class=\"elementor-widget-container\">\n\t\t\t\t\t<h2 class=\"elementor-heading-title elementor-size-default\">\"Depuis l'origine\".<\/h2>\t\t\t\t<\/div>\n\t\t\t\t<\/div>\n\t\t\t\t\t<\/div>\n\t\t<\/div>\n\t\t\t\t\t<\/div>\n\t\t<\/section>\n\t\t\t\t\t<\/div>\n\t\t<\/div>\n\t\t\t\t\t<\/div>\n\t\t<\/section>\n\t\t\t\t<section class=\"elementor-section elementor-top-section elementor-element elementor-element-bbb60f2 elementor-section-full_width elementor-section-height-default elementor-section-height-default\" data-id=\"bbb60f2\" data-element_type=\"section\">\n\t\t\t\t\t\t<div class=\"elementor-container elementor-column-gap-default\">\n\t\t\t\t\t<div class=\"elementor-column elementor-col-50 elementor-top-column elementor-element elementor-element-b9d2578\" data-id=\"b9d2578\" data-element_type=\"column\">\n\t\t\t<div class=\"elementor-widget-wrap elementor-element-populated\">\n\t\t\t\t\t\t<div class=\"elementor-element elementor-element-f2b5644 elementor-widget elementor-widget-heading\" data-id=\"f2b5644\" data-element_type=\"widget\" data-widget_type=\"heading.default\">\n\t\t\t\t<div class=\"elementor-widget-container\">\n\t\t\t\t\t<h2 class=\"elementor-heading-title elementor-size-default\">Ikamar est une entreprise qui se consacre \u00e0 la capture, \u00e0 l'import-export et \u00e0 la distribution de produits de la mer depuis plus de 20 ans.<\/h2>\t\t\t\t<\/div>\n\t\t\t\t<\/div>\n\t\t\t\t\t<\/div>\n\t\t<\/div>\n\t\t\t\t<div class=\"elementor-column elementor-col-50 elementor-top-column elementor-element elementor-element-e8b138e\" data-id=\"e8b138e\" data-element_type=\"column\">\n\t\t\t<div class=\"elementor-widget-wrap\">\n\t\t\t\t\t\t\t<\/div>\n\t\t<\/div>\n\t\t\t\t\t<\/div>\n\t\t<\/section>\n\t\t\t\t<section class=\"elementor-section elementor-top-section elementor-element elementor-element-afb8b4d elementor-section-full_width elementor-section-height-default elementor-section-height-default\" data-id=\"afb8b4d\" data-element_type=\"section\">\n\t\t\t\t\t\t<div class=\"elementor-container elementor-column-gap-default\">\n\t\t\t\t\t<div class=\"elementor-column elementor-col-50 elementor-top-column elementor-element elementor-element-fd98bbc\" data-id=\"fd98bbc\" data-element_type=\"column\" data-settings=\"{&quot;motion_fx_motion_fx_scrolling&quot;:&quot;yes&quot;,&quot;motion_fx_translateY_effect&quot;:&quot;yes&quot;,&quot;motion_fx_translateY_speed&quot;:{&quot;unit&quot;:&quot;px&quot;,&quot;size&quot;:1.2,&quot;sizes&quot;:[]},&quot;motion_fx_translateY_affectedRange&quot;:{&quot;unit&quot;:&quot;%&quot;,&quot;size&quot;:&quot;&quot;,&quot;sizes&quot;:{&quot;start&quot;:0,&quot;end&quot;:100}},&quot;motion_fx_devices&quot;:[&quot;widescreen&quot;,&quot;desktop&quot;,&quot;laptop&quot;,&quot;tablet_extra&quot;,&quot;tablet&quot;,&quot;mobile_extra&quot;,&quot;mobile&quot;]}\">\n\t\t\t<div class=\"elementor-widget-wrap elementor-element-populated\">\n\t\t\t\t\t\t<div class=\"elementor-element elementor-element-5c2d852 elementor-widget elementor-widget-image\" data-id=\"5c2d852\" data-element_type=\"widget\" data-settings=\"{&quot;motion_fx_motion_fx_scrolling&quot;:&quot;yes&quot;,&quot;motion_fx_translateY_effect&quot;:&quot;yes&quot;,&quot;motion_fx_translateY_speed&quot;:{&quot;unit&quot;:&quot;px&quot;,&quot;size&quot;:0.4,&quot;sizes&quot;:[]},&quot;motion_fx_translateY_affectedRange&quot;:{&quot;unit&quot;:&quot;%&quot;,&quot;size&quot;:&quot;&quot;,&quot;sizes&quot;:{&quot;start&quot;:0,&quot;end&quot;:100}},&quot;motion_fx_devices&quot;:[&quot;widescreen&quot;,&quot;desktop&quot;,&quot;laptop&quot;,&quot;tablet_extra&quot;,&quot;tablet&quot;,&quot;mobile_extra&quot;,&quot;mobile&quot;]}\" data-widget_type=\"image.default\">\n\t\t\t\t<div class=\"elementor-widget-container\">\n\t\t\t\t\t\t\t\t\t\t\t\t\t\t\t<img fetchpriority=\"high\" decoding=\"async\" width=\"800\" height=\"642\" src=\"https:\/\/ikamar.com\/wp-content\/uploads\/2023\/06\/Sin-titulo-1-1024x822.png\" class=\"attachment-large size-large wp-image-95\" alt=\"\" srcset=\"https:\/\/ikamar.com\/wp-content\/uploads\/2023\/06\/Sin-titulo-1-1024x822.png 1024w, https:\/\/ikamar.com\/wp-content\/uploads\/2023\/06\/Sin-titulo-1-300x241.png 300w, https:\/\/ikamar.com\/wp-content\/uploads\/2023\/06\/Sin-titulo-1-768x616.png 768w, https:\/\/ikamar.com\/wp-content\/uploads\/2023\/06\/Sin-titulo-1.png 1078w\" sizes=\"(max-width: 800px) 100vw, 800px\" \/>\t\t\t\t\t\t\t\t\t\t\t\t\t\t\t<\/div>\n\t\t\t\t<\/div>\n\t\t\t\t\t<\/div>\n\t\t<\/div>\n\t\t\t\t<div class=\"elementor-column elementor-col-50 elementor-top-column elementor-element elementor-element-fe3d819\" data-id=\"fe3d819\" data-element_type=\"column\">\n\t\t\t<div class=\"elementor-widget-wrap elementor-element-populated\">\n\t\t\t\t\t\t<div class=\"elementor-element elementor-element-93f5367 elementor-widget elementor-widget-text-editor\" data-id=\"93f5367\" data-element_type=\"widget\" data-widget_type=\"text-editor.default\">\n\t\t\t\t<div class=\"elementor-widget-container\">\n\t\t\t\t\t\t\t\t\t<div data-canvas-width=\"572.7920000000001\">Nous sommes sp\u00e9cialis\u00e9s dans la commercialisation d'une large gamme de produits de la mer tels que: calmar, seiche, poulpe, supion, limande, crevette et gambas, entre autres.<\/div><div data-canvas-width=\"520.2120000000002\">Nous sommes \u00e9galement pr\u00e9sents dans les zones de p\u00eache les plus prestigieuses, utilisant les meilleures mati\u00e8res premi\u00e8res au niveau international. Nos produits proviennent d'Espagne, du Maroc, du S\u00e9n\u00e9gal, de Mauritanie, du Y\u00e9men et de France.<\/div>\t\t\t\t\t\t\t\t<\/div>\n\t\t\t\t<\/div>\n\t\t\t\t<div class=\"elementor-element elementor-element-1d8b069 elementor-align-left elementor-widget elementor-widget-button\" data-id=\"1d8b069\" data-element_type=\"widget\" data-widget_type=\"button.default\">\n\t\t\t\t<div class=\"elementor-widget-container\">\n\t\t\t\t\t\t\t\t\t<div class=\"elementor-button-wrapper\">\n\t\t\t\t\t<a class=\"elementor-button elementor-button-link elementor-size-sm elementor-animation-grow\" href=\"https:\/\/ikamar.com\/fr\/quienes-somos\/\">\n\t\t\t\t\t\t<span class=\"elementor-button-content-wrapper\">\n\t\t\t\t\t\t\t\t\t<span class=\"elementor-button-text\">En savoir plus<\/span>\n\t\t\t\t\t<\/span>\n\t\t\t\t\t<\/a>\n\t\t\t\t<\/div>\n\t\t\t\t\t\t\t\t<\/div>\n\t\t\t\t<\/div>\n\t\t\t\t\t<\/div>\n\t\t<\/div>\n\t\t\t\t\t<\/div>\n\t\t<\/section>\n\t\t\t\t<section class=\"elementor-section elementor-top-section elementor-element elementor-element-b281375 elementor-section-full_width elementor-section-height-default elementor-section-height-default\" data-id=\"b281375\" data-element_type=\"section\">\n\t\t\t\t\t\t<div class=\"elementor-container elementor-column-gap-no\">\n\t\t\t\t\t<div class=\"elementor-column elementor-col-50 elementor-top-column elementor-element elementor-element-7a2dd6b\" data-id=\"7a2dd6b\" data-element_type=\"column\">\n\t\t\t<div class=\"elementor-widget-wrap elementor-element-populated\">\n\t\t\t\t\t\t<div class=\"elementor-element elementor-element-c872140 elementor-widget elementor-widget-heading\" data-id=\"c872140\" data-element_type=\"widget\" data-widget_type=\"heading.default\">\n\t\t\t\t<div class=\"elementor-widget-container\">\n\t\t\t\t\t<h2 class=\"elementor-heading-title elementor-size-default\">Espace priv\u00e9 Ikamar<\/h2>\t\t\t\t<\/div>\n\t\t\t\t<\/div>\n\t\t\t\t<div class=\"elementor-element elementor-element-f23089f elementor-widget elementor-widget-text-editor\" data-id=\"f23089f\" data-element_type=\"widget\" data-widget_type=\"text-editor.default\">\n\t\t\t\t<div class=\"elementor-widget-container\">\n\t\t\t\t\t\t\t\t\t<div data-canvas-width=\"593.604\">Dans cette section exclusive, nos clients pourront acc\u00e9der aux fiches techniques des produits que nous vendons.<\/div><p>Vous trouverez ici toutes les informations n\u00e9cessaires pour s\u00e9lectionner les meilleurs ingr\u00e9dients marins.<\/p>\t\t\t\t\t\t\t\t<\/div>\n\t\t\t\t<\/div>\n\t\t\t\t<div class=\"elementor-element elementor-element-0ddce00 elementor-align-left elementor-widget elementor-widget-button\" data-id=\"0ddce00\" data-element_type=\"widget\" data-widget_type=\"button.default\">\n\t\t\t\t<div class=\"elementor-widget-container\">\n\t\t\t\t\t\t\t\t\t<div class=\"elementor-button-wrapper\">\n\t\t\t\t\t<a class=\"elementor-button elementor-button-link elementor-size-sm elementor-animation-grow\" href=\"https:\/\/ikamar.com\/fr\/registro-area-de-cliente\/\">\n\t\t\t\t\t\t<span class=\"elementor-button-content-wrapper\">\n\t\t\t\t\t\t\t\t\t<span class=\"elementor-button-text\">Acc\u00e8s \u00e0 l'espace priv\u00e9<\/span>\n\t\t\t\t\t<\/span>\n\t\t\t\t\t<\/a>\n\t\t\t\t<\/div>\n\t\t\t\t\t\t\t\t<\/div>\n\t\t\t\t<\/div>\n\t\t\t\t\t<\/div>\n\t\t<\/div>\n\t\t\t\t<div class=\"elementor-column elementor-col-50 elementor-top-column elementor-element elementor-element-c3c6b36\" data-id=\"c3c6b36\" data-element_type=\"column\" data-settings=\"{&quot;background_background&quot;:&quot;slideshow&quot;,&quot;background_slideshow_gallery&quot;:[{&quot;id&quot;:210,&quot;url&quot;:&quot;https:\\\/\\\/ikamar.com\\\/wp-content\\\/uploads\\\/2023\\\/06\\\/Sin-titulo-7.png&quot;},{&quot;id&quot;:350,&quot;url&quot;:&quot;https:\\\/\\\/ikamar.com\\\/wp-content\\\/uploads\\\/2023\\\/09\\\/Sin-titulo-7-copia.png&quot;},{&quot;id&quot;:354,&quot;url&quot;:&quot;https:\\\/\\\/ikamar.com\\\/wp-content\\\/uploads\\\/2023\\\/09\\\/Sin-titulo-8.png&quot;},{&quot;id&quot;:359,&quot;url&quot;:&quot;https:\\\/\\\/ikamar.com\\\/wp-content\\\/uploads\\\/2023\\\/09\\\/Sin-titulo-10.png&quot;}],&quot;background_slideshow_loop&quot;:&quot;yes&quot;,&quot;background_slideshow_slide_duration&quot;:5000,&quot;background_slideshow_slide_transition&quot;:&quot;fade&quot;,&quot;background_slideshow_transition_duration&quot;:500}\">\n\t\t\t<div class=\"elementor-widget-wrap elementor-element-populated\">\n\t\t\t\t\t\t<div class=\"elementor-element elementor-element-d35a377 elementor-widget elementor-widget-spacer\" data-id=\"d35a377\" data-element_type=\"widget\" data-widget_type=\"spacer.default\">\n\t\t\t\t<div class=\"elementor-widget-container\">\n\t\t\t\t\t\t\t<div class=\"elementor-spacer\">\n\t\t\t<div class=\"elementor-spacer-inner\"><\/div>\n\t\t<\/div>\n\t\t\t\t\t\t<\/div>\n\t\t\t\t<\/div>\n\t\t\t\t\t<\/div>\n\t\t<\/div>\n\t\t\t\t\t<\/div>\n\t\t<\/section>\n\t\t\t\t<\/div>","protected":false},"excerpt":{"rendered":"<p>Ikamar Seafood Selection \u00abDesde el origen\u00bb Ikamar es una compa\u00f1\u00eda que lleva m\u00e1s de 20 a\u00f1os dedicada a la captura, importaci\u00f3n-exportaci\u00f3n y distribuci\u00f3n de productos del mar. Somos especialistas en la comercializaci\u00f3n de una amplia gama de productos del mar como: calamar, choco, pulpo, puntilla, lenguado, langostino y carabinero, entre otros.Adem\u00e1s, estamos presentes en los [&hellip;]<\/p>","protected":false},"author":1,"featured_media":0,"parent":0,"menu_order":0,"comment_status":"closed","ping_status":"closed","template":"","meta":{"footnotes":""},"class_list":["post-7","page","type-page","status-publish","hentry"],"yoast_head":"<!-- This site is optimized with the Yoast SEO plugin v26.6 - https:\/\/yoast.com\/wordpress\/plugins\/seo\/ -->\n<title>Inicio - Ikamar<\/title>\n<meta name=\"description\" content=\"Pescamos, congelamos y distribuimos el mejor pescado, garantizando su calidad desde el origen.\" \/>\n<meta name=\"robots\" content=\"index, follow, max-snippet:-1, max-image-preview:large, max-video-preview:-1\" \/>\n<link rel=\"canonical\" href=\"https:\/\/ikamar.com\/fr\/\" \/>\n<meta property=\"og:locale\" content=\"fr_FR\" \/>\n<meta property=\"og:type\" content=\"article\" \/>\n<meta property=\"og:title\" content=\"Inicio - Ikamar\" \/>\n<meta property=\"og:description\" content=\"Pescamos, congelamos y distribuimos el mejor pescado, garantizando su calidad desde el origen.\" \/>\n<meta property=\"og:url\" content=\"https:\/\/ikamar.com\/fr\/\" \/>\n<meta property=\"og:site_name\" content=\"Ikamar\" \/>\n<meta property=\"article:modified_time\" content=\"2023-12-13T08:05:31+00:00\" \/>\n<meta property=\"og:image\" content=\"https:\/\/ikamar.com\/wp-content\/uploads\/2023\/06\/Sin-titulo-1-1024x822.png\" \/>\n<meta name=\"twitter:card\" content=\"summary_large_image\" \/>\n<script type=\"application\/ld+json\" class=\"yoast-schema-graph\">{\"@context\":\"https:\/\/schema.org\",\"@graph\":[{\"@type\":\"WebPage\",\"@id\":\"https:\/\/ikamar.com\/\",\"url\":\"https:\/\/ikamar.com\/\",\"name\":\"Inicio - Ikamar\",\"isPartOf\":{\"@id\":\"https:\/\/ikamar.com\/#website\"},\"primaryImageOfPage\":{\"@id\":\"https:\/\/ikamar.com\/#primaryimage\"},\"image\":{\"@id\":\"https:\/\/ikamar.com\/#primaryimage\"},\"thumbnailUrl\":\"https:\/\/ikamar.com\/wp-content\/uploads\/2023\/06\/Sin-titulo-1-1024x822.png\",\"datePublished\":\"2023-06-22T14:53:42+00:00\",\"dateModified\":\"2023-12-13T08:05:31+00:00\",\"description\":\"Pescamos, congelamos y distribuimos el mejor pescado, garantizando su calidad desde el origen.\",\"breadcrumb\":{\"@id\":\"https:\/\/ikamar.com\/#breadcrumb\"},\"inLanguage\":\"fr-FR\",\"potentialAction\":[{\"@type\":\"ReadAction\",\"target\":[\"https:\/\/ikamar.com\/\"]}]},{\"@type\":\"ImageObject\",\"inLanguage\":\"fr-FR\",\"@id\":\"https:\/\/ikamar.com\/#primaryimage\",\"url\":\"https:\/\/ikamar.com\/wp-content\/uploads\/2023\/06\/Sin-titulo-1-1024x822.png\",\"contentUrl\":\"https:\/\/ikamar.com\/wp-content\/uploads\/2023\/06\/Sin-titulo-1-1024x822.png\"},{\"@type\":\"BreadcrumbList\",\"@id\":\"https:\/\/ikamar.com\/#breadcrumb\",\"itemListElement\":[{\"@type\":\"ListItem\",\"position\":1,\"name\":\"Portada\",\"item\":\"https:\/\/ikamar.com\/\"},{\"@type\":\"ListItem\",\"position\":2,\"name\":\"Inicio\"}]},{\"@type\":\"WebSite\",\"@id\":\"https:\/\/ikamar.com\/#website\",\"url\":\"https:\/\/ikamar.com\/\",\"name\":\"Ikamar\",\"description\":\"Pescamos, congelamos y distribuimos el mejor pescado, garantizando su calidad desde el origen.\",\"publisher\":{\"@id\":\"https:\/\/ikamar.com\/#organization\"},\"potentialAction\":[{\"@type\":\"SearchAction\",\"target\":{\"@type\":\"EntryPoint\",\"urlTemplate\":\"https:\/\/ikamar.com\/?s={search_term_string}\"},\"query-input\":{\"@type\":\"PropertyValueSpecification\",\"valueRequired\":true,\"valueName\":\"search_term_string\"}}],\"inLanguage\":\"fr-FR\"},{\"@type\":\"Organization\",\"@id\":\"https:\/\/ikamar.com\/#organization\",\"name\":\"Ikamar\",\"url\":\"https:\/\/ikamar.com\/\",\"logo\":{\"@type\":\"ImageObject\",\"inLanguage\":\"fr-FR\",\"@id\":\"https:\/\/ikamar.com\/#\/schema\/logo\/image\/\",\"url\":\"https:\/\/ikamar.com\/wp-content\/uploads\/2023\/06\/IKAMAR_LOGOTIPO_CELESTE.png\",\"contentUrl\":\"https:\/\/ikamar.com\/wp-content\/uploads\/2023\/06\/IKAMAR_LOGOTIPO_CELESTE.png\",\"width\":1716,\"height\":1136,\"caption\":\"Ikamar\"},\"image\":{\"@id\":\"https:\/\/ikamar.com\/#\/schema\/logo\/image\/\"}}]}<\/script>\n<!-- \/ Yoast SEO plugin. -->","yoast_head_json":{"title":"Inicio - Ikamar","description":"Pescamos, congelamos y distribuimos el mejor pescado, garantizando su calidad desde el origen.","robots":{"index":"index","follow":"follow","max-snippet":"max-snippet:-1","max-image-preview":"max-image-preview:large","max-video-preview":"max-video-preview:-1"},"canonical":"https:\/\/ikamar.com\/fr\/","og_locale":"fr_FR","og_type":"article","og_title":"Inicio - Ikamar","og_description":"Pescamos, congelamos y distribuimos el mejor pescado, garantizando su calidad desde el origen.","og_url":"https:\/\/ikamar.com\/fr\/","og_site_name":"Ikamar","article_modified_time":"2023-12-13T08:05:31+00:00","og_image":[{"url":"https:\/\/ikamar.com\/wp-content\/uploads\/2023\/06\/Sin-titulo-1-1024x822.png","type":"","width":"","height":""}],"twitter_card":"summary_large_image","schema":{"@context":"https:\/\/schema.org","@graph":[{"@type":"WebPage","@id":"https:\/\/ikamar.com\/","url":"https:\/\/ikamar.com\/","name":"Inicio - Ikamar","isPartOf":{"@id":"https:\/\/ikamar.com\/#website"},"primaryImageOfPage":{"@id":"https:\/\/ikamar.com\/#primaryimage"},"image":{"@id":"https:\/\/ikamar.com\/#primaryimage"},"thumbnailUrl":"https:\/\/ikamar.com\/wp-content\/uploads\/2023\/06\/Sin-titulo-1-1024x822.png","datePublished":"2023-06-22T14:53:42+00:00","dateModified":"2023-12-13T08:05:31+00:00","description":"Pescamos, congelamos y distribuimos el mejor pescado, garantizando su calidad desde el origen.","breadcrumb":{"@id":"https:\/\/ikamar.com\/#breadcrumb"},"inLanguage":"fr-FR","potentialAction":[{"@type":"ReadAction","target":["https:\/\/ikamar.com\/"]}]},{"@type":"ImageObject","inLanguage":"fr-FR","@id":"https:\/\/ikamar.com\/#primaryimage","url":"https:\/\/ikamar.com\/wp-content\/uploads\/2023\/06\/Sin-titulo-1-1024x822.png","contentUrl":"https:\/\/ikamar.com\/wp-content\/uploads\/2023\/06\/Sin-titulo-1-1024x822.png"},{"@type":"BreadcrumbList","@id":"https:\/\/ikamar.com\/#breadcrumb","itemListElement":[{"@type":"ListItem","position":1,"name":"Portada","item":"https:\/\/ikamar.com\/"},{"@type":"ListItem","position":2,"name":"Inicio"}]},{"@type":"WebSite","@id":"https:\/\/ikamar.com\/#website","url":"https:\/\/ikamar.com\/","name":"Ikamar","description":"Pescamos, congelamos y distribuimos el mejor pescado, garantizando su calidad desde el origen.","publisher":{"@id":"https:\/\/ikamar.com\/#organization"},"potentialAction":[{"@type":"SearchAction","target":{"@type":"EntryPoint","urlTemplate":"https:\/\/ikamar.com\/?s={search_term_string}"},"query-input":{"@type":"PropertyValueSpecification","valueRequired":true,"valueName":"search_term_string"}}],"inLanguage":"fr-FR"},{"@type":"Organization","@id":"https:\/\/ikamar.com\/#organization","name":"Ikamar","url":"https:\/\/ikamar.com\/","logo":{"@type":"ImageObject","inLanguage":"fr-FR","@id":"https:\/\/ikamar.com\/#\/schema\/logo\/image\/","url":"https:\/\/ikamar.com\/wp-content\/uploads\/2023\/06\/IKAMAR_LOGOTIPO_CELESTE.png","contentUrl":"https:\/\/ikamar.com\/wp-content\/uploads\/2023\/06\/IKAMAR_LOGOTIPO_CELESTE.png","width":1716,"height":1136,"caption":"Ikamar"},"image":{"@id":"https:\/\/ikamar.com\/#\/schema\/logo\/image\/"}}]}},"_links":{"self":[{"href":"https:\/\/ikamar.com\/fr\/wp-json\/wp\/v2\/pages\/7","targetHints":{"allow":["GET"]}}],"collection":[{"href":"https:\/\/ikamar.com\/fr\/wp-json\/wp\/v2\/pages"}],"about":[{"href":"https:\/\/ikamar.com\/fr\/wp-json\/wp\/v2\/types\/page"}],"author":[{"embeddable":true,"href":"https:\/\/ikamar.com\/fr\/wp-json\/wp\/v2\/users\/1"}],"replies":[{"embeddable":true,"href":"https:\/\/ikamar.com\/fr\/wp-json\/wp\/v2\/comments?post=7"}],"version-history":[{"count":246,"href":"https:\/\/ikamar.com\/fr\/wp-json\/wp\/v2\/pages\/7\/revisions"}],"predecessor-version":[{"id":777,"href":"https:\/\/ikamar.com\/fr\/wp-json\/wp\/v2\/pages\/7\/revisions\/777"}],"wp:attachment":[{"href":"https:\/\/ikamar.com\/fr\/wp-json\/wp\/v2\/media?parent=7"}],"curies":[{"name":"wp","href":"https:\/\/api.w.org\/{rel}","templated":true}]}}