{"id":503,"date":"2023-10-02T13:23:21","date_gmt":"2023-10-02T11:23:21","guid":{"rendered":"https:\/\/jumpers.work\/ikamar\/?page_id=503"},"modified":"2023-10-03T12:14:52","modified_gmt":"2023-10-03T10:14:52","slug":"politica-de-privacidad","status":"publish","type":"page","link":"https:\/\/ikamar.com\/fr\/politica-de-privacidad\/","title":{"rendered":"Politique de confidentialit\u00e9"},"content":{"rendered":"<div data-elementor-type=\"wp-page\" data-elementor-id=\"503\" class=\"elementor elementor-503\" data-elementor-post-type=\"page\">\n\t\t\t\t\t\t<section class=\"elementor-section elementor-top-section elementor-element elementor-element-098c127 elementor-section-full_width elementor-section-height-default elementor-section-height-default\" data-id=\"098c127\" data-element_type=\"section\">\n\t\t\t\t\t\t<div class=\"elementor-container elementor-column-gap-default\">\n\t\t\t\t\t<div class=\"elementor-column elementor-col-100 elementor-top-column elementor-element elementor-element-a4eb3ad\" data-id=\"a4eb3ad\" data-element_type=\"column\">\n\t\t\t<div class=\"elementor-widget-wrap elementor-element-populated\">\n\t\t\t\t\t\t<div class=\"elementor-element elementor-element-6e0871e elementor-widget elementor-widget-heading\" data-id=\"6e0871e\" data-element_type=\"widget\" data-widget_type=\"heading.default\">\n\t\t\t\t<div class=\"elementor-widget-container\">\n\t\t\t\t\t<h2 class=\"elementor-heading-title elementor-size-default\">Politique de confidentialit\u00e9<\/h2>\t\t\t\t<\/div>\n\t\t\t\t<\/div>\n\t\t\t\t<div class=\"elementor-element elementor-element-11655a1 elementor-widget elementor-widget-text-editor\" data-id=\"11655a1\" data-element_type=\"widget\" data-widget_type=\"text-editor.default\">\n\t\t\t\t<div class=\"elementor-widget-container\">\n\t\t\t\t\t\t\t\t\t<div class=\"wpb_text_column wpb_content_element\"><div class=\"wpb_wrapper\"><h3><strong>OBLIGACIONES DE USO<\/strong><\/h3><p class=\" translation-block\">Con car\u00e1cter general, el Usuario se obliga al cumplimiento de las presentes condiciones y t\u00e9rminos de uso, y obrar siempre conforme a la ley, a las buenas costumbres y a las exigencias de la buena fe, empleando la diligencia adecuada a la naturaleza del servicio y los productos del que disfruta, y absteni\u00e9ndose de utilizar el presente sitio web de cualquier forma que pueda impedir, da\u00f1ar o deteriorar el normal funcionamiento del mismo, los bienes o derechos del titular (<strong>IKAMAR<\/strong>), del resto de Usuarios o, en general, de cualquier tercero.<\/p><p>En particular, y sin que ello implique restricci\u00f3n alguna a la obligaci\u00f3n asumida por el Usuario con car\u00e1cter general de conformidad con el apartado anterior, el Usuario se obliga, en la utilizaci\u00f3n del presente sitio web a:<\/p><p><i class=\"fa fa-minus naranja\" aria-hidden=\"true\"><\/i>\u00a0No introducir, almacenar o difundir en o desde el sitio web, cualquier informaci\u00f3n o material que fuera difamatorio, injurioso, obsceno, amenazador, xen\u00f3fobo, incite a la violencia a la discriminaci\u00f3n por raz\u00f3n de raza, sexo, ideolog\u00eda, religi\u00f3n o que de cualquier forma atente contra la moral, el orden p\u00fablico, los derechos fundamentales, las libertas p\u00fablicas, el honor, la intimidad o la imagen de terceros y, en general, que vulnere la normativa vigente espa\u00f1ola y de su pa\u00eds de residencia.<\/p><p><i class=\"fa fa-minus naranja\" aria-hidden=\"true\"><\/i>\u00a0No introducir, almacenar o difundir mediante el sitio web ning\u00fan programa de ordenador, datos, virus, c\u00f3digo, o cualquier otro fichero que sea susceptible de causar da\u00f1os o cualquier tipo de alteraci\u00f3n en el sitio web, en cualquiera de los servicios, o en cualquiera de los equipos, sistemas o redes de\u00a0<strong>IKAMAR<\/strong>\u00a0de cualquier Usuario, o en general de cualquier tercero, que pueda impedir el normal funcionamiento de los mismos.<\/p><p class=\" translation-block\"><i class=\"fa fa-minus naranja\" aria-hidden=\"true\"><\/i>&nbsp;No destruir, alterar, utilizar para su uso, inutilizar o da\u00f1ar los datos, informaciones, programas, documentos electr\u00f3nicos, o, en general, los ficheros, de&nbsp;<strong>IKAMAR<\/strong>, de los Usuarios o de terceros.<\/p><p><strong>IKAMAR\u00a0<\/strong>podr\u00e1, en todo momento y sin previo aviso, modificar las presentes Condiciones Generales, as\u00ed como las Condiciones Particulares que, en su caso, se incluyan, mediante la publicaci\u00f3n de dichas modificaciones en el sitio web con el fin de que puedan ser conocidas por los Usuarios.<\/p><\/div><\/div><h3 class=\"vc_empty_space\"><strong>EXONERACI\u00d3N DE RESPONSAILIDAD<\/strong><\/h3><div class=\"wpb_text_column wpb_content_element\"><div class=\"wpb_wrapper\"><p class=\" translation-block\"><strong>IKAMAR&nbsp;<\/strong>no ser\u00e1 responsable:<\/p><p><i class=\"fa fa-minus naranja\" aria-hidden=\"true\"><\/i>\u00a0Con car\u00e1cter general, respecto del uso inadecuado de su sitio web. Los usuarios deber\u00e1n realizar un uso adecuado del mismo, de acuerdo con las condiciones y t\u00e9rminos anteriores, sin que ninguna responsabilidad pueda tener el titular por la utilizaci\u00f3n indebida.<\/p><p class=\" translation-block\"><i class=\"fa fa-minus naranja\" aria-hidden=\"true\"><\/i>&nbsp;Respecto de posibles deficiencias t\u00e9cnicas.&nbsp;<strong>IKAMAR<\/strong>&nbsp;no ser\u00e1 responsable en ning\u00fan caso de las alteraciones en el servicio que se produzcan por fallos en la red el\u00e9ctrica, en la red de conexi\u00f3n de datos, en el servidor o en cualesquiera prestaciones.<\/p><p class=\" translation-block\"><i class=\"fa fa-minus naranja\" aria-hidden=\"true\"><\/i>&nbsp;Respecto al acceso por terceros a su sistema.<strong>IKAMAR<\/strong>&nbsp;adoptar\u00e1 las cautelas t\u00e9cnicas necesarias a fin de proteger los datos e informaci\u00f3n a la que se accede, pero sin que sea responsable de actuaciones de terceros que, vulnerando las medidas de seguridad establecidas, accedan a los citados datos.<\/p><p class=\" translation-block\"><strong>IKAMAR<\/strong>&nbsp;intenta minimizar el riesgo de virus y software similar, y contenidos no autorizados en sus sistemas de informaci\u00f3n. A pesar de ello, el Usuario es consciente de que debe adoptar sus propias medidas orientadas a minimizar los da\u00f1os ocasionados por software no autorizado, virus, troyanos y cualquier clase del software denominado mal-ware, eximiendo a&nbsp;<strong>IKAMAR<\/strong>&nbsp;de toda responsabilidad que pudiese derivarse de la contenci\u00f3n de malware en los tratamientos habilitados en la presente web.<\/p><\/div><\/div><h3 class=\"vc_empty_space\"><strong>UTILIZACI\u00d3N DE HIPERENLACES<\/strong><\/h3><div class=\"wpb_text_column wpb_content_element\"><div class=\"wpb_wrapper\"><p>El usuario de Internet que quiera introducir enlaces desde sus propias Webs a la P\u00e1gina Web deber\u00e1 cumplir con las condiciones que se detallan a continuaci\u00f3n sin que el desconocimiento de las mismas evite las responsabilidades derivadas de la Ley.<\/p><p class=\" translation-block\">El enlace \u00fanicamente vincular\u00e1 con la home page o p\u00e1gina principal de la p\u00e1gina Web pero no podr\u00e1 reproducirla de ninguna forma (inline links, copia de los textos, gr\u00e1ficos, etc.). Quedar\u00e1 en todo caso prohibido, de acuerdo con la legislaci\u00f3n aplicable y vigente en cada momento, establecer frames o marcos de cualquier tipo que envuelvan a la p\u00e1gina Web o permitan la visualizaci\u00f3n de los contenidos a trav\u00e9s de direcciones de Internet distintas a las de la p\u00e1gina Web y, en cualquier caso, cuando se visualicen conjuntamente con contenidos ajenos a la P\u00e1gina Web de forma que: (I) produzca, o pueda producir, error, confusi\u00f3n o enga\u00f1o en los usuarios sobre la verdadera procedencia del servicio o Contenidos; (II) suponga un acto de comparaci\u00f3n o imitaci\u00f3n desleal; (III) sirva para aprovechar la reputaci\u00f3n de la marca y prestigio de&nbsp;<strong>IKAMAR<\/strong>.; o (IV) de cualquier otra forma resulte prohibido por la legislaci\u00f3n vigente.<\/p><p class=\" translation-block\">No se realizar\u00e1n desde la p\u00e1gina que introduce el enlace ning\u00fan tipo de manifestaci\u00f3n falsa, inexacta o incorrecta sobre&nbsp;<strong>IKAMAR<\/strong>, su direcci\u00f3n, empleados, clientes o sobre la calidad de los servicios que presta.<\/p><p class=\" translation-block\">En ning\u00fan caso, se expresar\u00e1 en la p\u00e1gina donde se ubique el enlace que&nbsp;<strong>IKAMAR<\/strong>&nbsp;ha prestado su consentimiento para la inserci\u00f3n del enlace o que de otra forma patrocina, colabora, verifica o supervisa los servicios del remitente.<\/p><p class=\" translation-block\">Est\u00e1 prohibida la utilizaci\u00f3n de cualquier marca denominativa, gr\u00e1fica o mixta o cualquier otro signo distintivo de&nbsp;<strong>IKAMAR<\/strong><strong>&nbsp;<\/strong>dentro de la p\u00e1gina del remitente salvo en los casos permitidos por la ley o expresamente autorizados por&nbsp;<strong>IKAMAR<\/strong>&nbsp;y siempre que se permita, en estos casos, un enlace directo con la p\u00e1gina Web en la forma establecida en esta cl\u00e1usula.<\/p><p class=\" translation-block\">La p\u00e1gina que establezca el enlace deber\u00e1 cumplir fielmente con la ley y no podr\u00e1 en ning\u00fan caso disponer o enlazar con contenidos propios o de terceros que: (I) sean il\u00edcitos, nocivos o contrarios a la moral y a las buenas costumbres (pornogr\u00e1ficos, violentos, racistas, etc.); (II) induzcan o puedan inducir en el Usuario la falsa concepci\u00f3n de que&nbsp;<strong>IKAMAR<\/strong>&nbsp;suscribe, respalda, se adhiere o de cualquier manera apoya, las ideas, manifestaciones o expresiones, l\u00edcitas o il\u00edcitas, del remitente; (III) resulten inapropiados o no pertinentes con la actividad de&nbsp;<strong>IKAMAR<\/strong>&nbsp;en atenci\u00f3n al lugar, contenidos y tem\u00e1tica de la p\u00e1gina Web del remitente. Igualmente, el Usuario se abstendr\u00e1 de incluir en la p\u00e1gina Web cualquier hiperenlace (en adelante, \u201clink\u201d) dirigido a una p\u00e1gina Web que contenga informaci\u00f3n o contenidos il\u00edcitos, contrarios a la moral y buenas costumbres generalmente aceptadas, y al orden p\u00fablico.<\/p><\/div><\/div><h3 class=\"vc_empty_space\"><strong>PROPIEDAD INTELECTUAL E INDUSTRIA<\/strong><\/h3><div class=\"wpb_text_column wpb_content_element\"><div class=\"wpb_wrapper\"><p class=\" translation-block\">La estructura, dise\u00f1o y forma de presentaci\u00f3n de los elementos disponibles en la presente web (gr\u00e1ficos, im\u00e1genes, fotograf\u00edas, muestras y materiales que aparecen en los mismos, tecnolog\u00edas industriales, ficheros, logotipos, combinaciones de colores y cualquier elemento susceptible de protecci\u00f3n) est\u00e1n protegidos por derechos de propiedad intelectual e industrial titularidad de&nbsp;<strong>IKAMAR<\/strong>&nbsp;o sobre los que se han obtenido los derechos de uso correspondientes.<\/p><p class=\" translation-block\">Est\u00e1 prohibida la reproducci\u00f3n, transformaci\u00f3n, distribuci\u00f3n, comunicaci\u00f3n p\u00fablica, puesta a disposici\u00f3n del p\u00fablico y, en general, cualquier otra forma de explotaci\u00f3n, parcial o total de los elementos referidos en el apartado anterior. Su publicaci\u00f3n en otras p\u00e1ginas web o en otros medios de comunicaci\u00f3n digitales o escritos requiere el consentimiento expreso del titular de la web, y, en todo caso, deber\u00e1n hacer referencia expl\u00edcita a la titularidad de los citados derechos de propiedad intelectual de&nbsp;<strong>IKAMAR<\/strong>.<\/p><p>No se permite la utilizaci\u00f3n de los signos distintivos (marcas, nombres comerciales), salvo autorizaci\u00f3n expresa de los leg\u00edtimos titulares.<\/p><p class=\" translation-block\">Salvo autorizaci\u00f3n expresa de&nbsp;<strong>IKAMAR<\/strong>, no se permite el enlace a \u201cp\u00e1ginas finales\u201d, el \u201cframe\u201d y cualquier otra manipulaci\u00f3n similar. Los enlaces deben ser siempre a la p\u00e1gina principal o homepage del sitio web.<\/p><\/div><\/div><div class=\"vc_empty_space\">\u00a0<\/div><div class=\"wpb_text_column wpb_content_element\"><div class=\"wpb_wrapper\"><table class=\"egt\"><tbody><tr><td><strong>Responsable\u00a0del tratamiento<\/strong><\/td><td>C\/DARSENA DEL CENTENARIO S\/N. POLIGONO ZAL FRIGORIFICOS GUADALQUIVIR. 41011 SEVILLA<br \/>Tel:\u00a0<a href=\"tel:+34954450774\">954 450 774<\/a><br \/>https:\/\/ikamar.com\/<\/td><\/tr><tr><td><strong>Finalidad del tratamiento<\/strong><\/td><td>Mantener la relaci\u00f3n comercial establecida, as\u00ed como la de mantenerle informado mediante comunicaciones comerciales electr\u00f3nicas sobre nuestros productos.<\/td><\/tr><tr><td><strong>Plazo de conservaci\u00f3n<\/strong><\/td><td>Mantener la relaci\u00f3n comercial establecida, as\u00ed como la de mantenerle informado mediante comunicaciones comerciales electr\u00f3nicas sobre nuestros productos.<\/td><\/tr><tr><td><strong>Plazo de conservaci\u00f3n<\/strong><\/td><td>Por un lado la informaci\u00f3n contable y fiscal ser\u00e1 MANTENIDA DURANTE LOS PLAZOS requeridos para cumplimiento de obligaciones legales.\u00a0En relaci\u00f3n con el env\u00edo de publicidad podremos conservar dicha informaci\u00f3n y remitirle publicidad mientras no se oponga a ello.<\/td><\/tr><tr><td><strong>Legitimaci\u00f3n<\/strong><\/td><td>Existencia de una relaci\u00f3n contractual, inter\u00e9s leg\u00edtimo y consentimiento, seg\u00fan cada finalidad y posible cesi\u00f3n.<\/td><\/tr><tr><td><strong>Destinatarios de los datos (cesiones o transferencias)<\/strong><\/td><td class=\" translation-block\">Los datos podr\u00e1n ser cedidos a&nbsp;<strong>IKAMAR<\/strong>.\u2013 Los datos podr\u00e1n ser cedidos o comunicados, en su caso, a entidades bancarias para la realizaci\u00f3n de cobros o pagos, as\u00ed como a requerimiento de Administraciones P\u00fablicas, Juzgados o Tribunales.Los datos podr\u00e1n ser cedidos a las dem\u00e1s mercantiles del Grupo cuyas actividades se relacionen con el producto adquirido.<\/td><\/tr><tr><td><strong>DPO\/DPD<\/strong><\/td><td class=\" translation-block\">Puede dirigirse al Delegado de protecci\u00f3n de datos de&nbsp;<strong>IKAMAR<\/strong>&nbsp;bien remitiendo un email a la siguiente direcci\u00f3n: info@ikamar.com&nbsp;o llamando por tel\u00e9fono al&nbsp;<a href=\"tel:+34954450774\" target=\"_self\">954 450 774<\/a><\/td><\/tr><tr><td><strong>Derechos<\/strong><\/td><td>Ud. podr\u00e1 ejercitar los derechos de Acceso, Rectificaci\u00f3n, Cancelaci\u00f3n, Portabilidad, Supresi\u00f3n o, en su caso, Oposici\u00f3n. Para ejercitar los derechos deber\u00e1 presentar un escrito en la direcci\u00f3n arriba se\u00f1alada.Deber\u00e1 especificar cu\u00e1l de estos derechos solicita sea satisfecho y, a su vez, deber\u00e1 acompa\u00f1arse de la fotocopia del DNI o documento identificativo equivalente. En caso de que actuara mediante representante, legal o voluntario, deber\u00e1 aportar tambi\u00e9n documento que acredite la representaci\u00f3n y documento identificativo del mismo.Asimismo, podr\u00e1 ejercer su derecho a la protecci\u00f3n de datos personales, interponiendo reclamaci\u00f3n ante la Agencia Espa\u00f1ola de Protecci\u00f3n de Datos (<a href=\"http:\/\/www.agpd.es\/\">www.agpd.es<\/a>).<\/td><\/tr><\/tbody><\/table><\/div><\/div>\t\t\t\t\t\t\t\t<\/div>\n\t\t\t\t<\/div>\n\t\t\t\t\t<\/div>\n\t\t<\/div>\n\t\t\t\t\t<\/div>\n\t\t<\/section>\n\t\t\t\t<\/div>","protected":false},"excerpt":{"rendered":"<p>Pol\u00edtica de Privacidad OBLIGACIONES DE USO Con car\u00e1cter general, el Usuario se obliga al cumplimiento de las presentes condiciones y t\u00e9rminos de uso, y obrar siempre conforme a la ley, a las buenas costumbres y a las exigencias de la buena fe, empleando la diligencia adecuada a la naturaleza del servicio y los productos del [&hellip;]<\/p>","protected":false},"author":1,"featured_media":0,"parent":0,"menu_order":0,"comment_status":"closed","ping_status":"closed","template":"","meta":{"footnotes":""},"class_list":["post-503","page","type-page","status-publish","hentry"],"yoast_head":"<!-- This site is optimized with the Yoast SEO plugin v26.6 - https:\/\/yoast.com\/wordpress\/plugins\/seo\/ -->\n<title>Pol\u00edtica de privacidad - Ikamar<\/title>\n<meta name=\"description\" content=\"Pescamos, congelamos y distribuimos el mejor pescado, garantizando su calidad desde el origen.\" \/>\n<meta name=\"robots\" content=\"index, follow, max-snippet:-1, max-image-preview:large, max-video-preview:-1\" \/>\n<link rel=\"canonical\" href=\"https:\/\/ikamar.com\/fr\/politica-de-privacidad\/\" \/>\n<meta property=\"og:locale\" content=\"fr_FR\" \/>\n<meta property=\"og:type\" content=\"article\" \/>\n<meta property=\"og:title\" content=\"Pol\u00edtica de privacidad - Ikamar\" \/>\n<meta property=\"og:description\" content=\"Pescamos, congelamos y distribuimos el mejor pescado, garantizando su calidad desde el origen.\" \/>\n<meta property=\"og:url\" content=\"https:\/\/ikamar.com\/fr\/politica-de-privacidad\/\" \/>\n<meta property=\"og:site_name\" content=\"Ikamar\" \/>\n<meta property=\"article:modified_time\" content=\"2023-10-03T10:14:52+00:00\" \/>\n<meta property=\"og:image\" content=\"https:\/\/ikamar.com\/wp-content\/uploads\/2023\/06\/IKAMAR_LOGOTIPO_CELESTE.png\" \/>\n\t<meta property=\"og:image:width\" content=\"1716\" \/>\n\t<meta property=\"og:image:height\" content=\"1136\" \/>\n\t<meta property=\"og:image:type\" content=\"image\/png\" \/>\n<meta name=\"twitter:card\" content=\"summary_large_image\" \/>\n<meta name=\"twitter:label1\" content=\"Dur\u00e9e de lecture estim\u00e9e\" \/>\n\t<meta name=\"twitter:data1\" content=\"8 minutes\" \/>\n<script type=\"application\/ld+json\" class=\"yoast-schema-graph\">{\"@context\":\"https:\/\/schema.org\",\"@graph\":[{\"@type\":\"WebPage\",\"@id\":\"https:\/\/ikamar.com\/politica-de-privacidad\/\",\"url\":\"https:\/\/ikamar.com\/politica-de-privacidad\/\",\"name\":\"Pol\u00edtica de privacidad - Ikamar\",\"isPartOf\":{\"@id\":\"https:\/\/ikamar.com\/#website\"},\"datePublished\":\"2023-10-02T11:23:21+00:00\",\"dateModified\":\"2023-10-03T10:14:52+00:00\",\"description\":\"Pescamos, congelamos y distribuimos el mejor pescado, garantizando su calidad desde el origen.\",\"breadcrumb\":{\"@id\":\"https:\/\/ikamar.com\/politica-de-privacidad\/#breadcrumb\"},\"inLanguage\":\"fr-FR\",\"potentialAction\":[{\"@type\":\"ReadAction\",\"target\":[\"https:\/\/ikamar.com\/politica-de-privacidad\/\"]}]},{\"@type\":\"BreadcrumbList\",\"@id\":\"https:\/\/ikamar.com\/politica-de-privacidad\/#breadcrumb\",\"itemListElement\":[{\"@type\":\"ListItem\",\"position\":1,\"name\":\"Portada\",\"item\":\"https:\/\/ikamar.com\/\"},{\"@type\":\"ListItem\",\"position\":2,\"name\":\"Pol\u00edtica de privacidad\"}]},{\"@type\":\"WebSite\",\"@id\":\"https:\/\/ikamar.com\/#website\",\"url\":\"https:\/\/ikamar.com\/\",\"name\":\"Ikamar\",\"description\":\"Pescamos, congelamos y distribuimos el mejor pescado, garantizando su calidad desde el origen.\",\"publisher\":{\"@id\":\"https:\/\/ikamar.com\/#organization\"},\"potentialAction\":[{\"@type\":\"SearchAction\",\"target\":{\"@type\":\"EntryPoint\",\"urlTemplate\":\"https:\/\/ikamar.com\/?s={search_term_string}\"},\"query-input\":{\"@type\":\"PropertyValueSpecification\",\"valueRequired\":true,\"valueName\":\"search_term_string\"}}],\"inLanguage\":\"fr-FR\"},{\"@type\":\"Organization\",\"@id\":\"https:\/\/ikamar.com\/#organization\",\"name\":\"Ikamar\",\"url\":\"https:\/\/ikamar.com\/\",\"logo\":{\"@type\":\"ImageObject\",\"inLanguage\":\"fr-FR\",\"@id\":\"https:\/\/ikamar.com\/#\/schema\/logo\/image\/\",\"url\":\"https:\/\/ikamar.com\/wp-content\/uploads\/2023\/06\/IKAMAR_LOGOTIPO_CELESTE.png\",\"contentUrl\":\"https:\/\/ikamar.com\/wp-content\/uploads\/2023\/06\/IKAMAR_LOGOTIPO_CELESTE.png\",\"width\":1716,\"height\":1136,\"caption\":\"Ikamar\"},\"image\":{\"@id\":\"https:\/\/ikamar.com\/#\/schema\/logo\/image\/\"}}]}<\/script>\n<!-- \/ Yoast SEO plugin. -->","yoast_head_json":{"title":"Pol\u00edtica de privacidad - Ikamar","description":"Pescamos, congelamos y distribuimos el mejor pescado, garantizando su calidad desde el origen.","robots":{"index":"index","follow":"follow","max-snippet":"max-snippet:-1","max-image-preview":"max-image-preview:large","max-video-preview":"max-video-preview:-1"},"canonical":"https:\/\/ikamar.com\/fr\/politica-de-privacidad\/","og_locale":"fr_FR","og_type":"article","og_title":"Pol\u00edtica de privacidad - Ikamar","og_description":"Pescamos, congelamos y distribuimos el mejor pescado, garantizando su calidad desde el origen.","og_url":"https:\/\/ikamar.com\/fr\/politica-de-privacidad\/","og_site_name":"Ikamar","article_modified_time":"2023-10-03T10:14:52+00:00","og_image":[{"width":1716,"height":1136,"url":"https:\/\/ikamar.com\/wp-content\/uploads\/2023\/06\/IKAMAR_LOGOTIPO_CELESTE.png","type":"image\/png"}],"twitter_card":"summary_large_image","twitter_misc":{"Dur\u00e9e de lecture estim\u00e9e":"8 minutes"},"schema":{"@context":"https:\/\/schema.org","@graph":[{"@type":"WebPage","@id":"https:\/\/ikamar.com\/politica-de-privacidad\/","url":"https:\/\/ikamar.com\/politica-de-privacidad\/","name":"Pol\u00edtica de privacidad - Ikamar","isPartOf":{"@id":"https:\/\/ikamar.com\/#website"},"datePublished":"2023-10-02T11:23:21+00:00","dateModified":"2023-10-03T10:14:52+00:00","description":"Pescamos, congelamos y distribuimos el mejor pescado, garantizando su calidad desde el origen.","breadcrumb":{"@id":"https:\/\/ikamar.com\/politica-de-privacidad\/#breadcrumb"},"inLanguage":"fr-FR","potentialAction":[{"@type":"ReadAction","target":["https:\/\/ikamar.com\/politica-de-privacidad\/"]}]},{"@type":"BreadcrumbList","@id":"https:\/\/ikamar.com\/politica-de-privacidad\/#breadcrumb","itemListElement":[{"@type":"ListItem","position":1,"name":"Portada","item":"https:\/\/ikamar.com\/"},{"@type":"ListItem","position":2,"name":"Pol\u00edtica de privacidad"}]},{"@type":"WebSite","@id":"https:\/\/ikamar.com\/#website","url":"https:\/\/ikamar.com\/","name":"Ikamar","description":"Pescamos, congelamos y distribuimos el mejor pescado, garantizando su calidad desde el origen.","publisher":{"@id":"https:\/\/ikamar.com\/#organization"},"potentialAction":[{"@type":"SearchAction","target":{"@type":"EntryPoint","urlTemplate":"https:\/\/ikamar.com\/?s={search_term_string}"},"query-input":{"@type":"PropertyValueSpecification","valueRequired":true,"valueName":"search_term_string"}}],"inLanguage":"fr-FR"},{"@type":"Organization","@id":"https:\/\/ikamar.com\/#organization","name":"Ikamar","url":"https:\/\/ikamar.com\/","logo":{"@type":"ImageObject","inLanguage":"fr-FR","@id":"https:\/\/ikamar.com\/#\/schema\/logo\/image\/","url":"https:\/\/ikamar.com\/wp-content\/uploads\/2023\/06\/IKAMAR_LOGOTIPO_CELESTE.png","contentUrl":"https:\/\/ikamar.com\/wp-content\/uploads\/2023\/06\/IKAMAR_LOGOTIPO_CELESTE.png","width":1716,"height":1136,"caption":"Ikamar"},"image":{"@id":"https:\/\/ikamar.com\/#\/schema\/logo\/image\/"}}]}},"_links":{"self":[{"href":"https:\/\/ikamar.com\/fr\/wp-json\/wp\/v2\/pages\/503","targetHints":{"allow":["GET"]}}],"collection":[{"href":"https:\/\/ikamar.com\/fr\/wp-json\/wp\/v2\/pages"}],"about":[{"href":"https:\/\/ikamar.com\/fr\/wp-json\/wp\/v2\/types\/page"}],"author":[{"embeddable":true,"href":"https:\/\/ikamar.com\/fr\/wp-json\/wp\/v2\/users\/1"}],"replies":[{"embeddable":true,"href":"https:\/\/ikamar.com\/fr\/wp-json\/wp\/v2\/comments?post=503"}],"version-history":[{"count":13,"href":"https:\/\/ikamar.com\/fr\/wp-json\/wp\/v2\/pages\/503\/revisions"}],"predecessor-version":[{"id":652,"href":"https:\/\/ikamar.com\/fr\/wp-json\/wp\/v2\/pages\/503\/revisions\/652"}],"wp:attachment":[{"href":"https:\/\/ikamar.com\/fr\/wp-json\/wp\/v2\/media?parent=503"}],"curies":[{"name":"wp","href":"https:\/\/api.w.org\/{rel}","templated":true}]}}