{"id":495,"date":"2023-10-02T13:16:20","date_gmt":"2023-10-02T11:16:20","guid":{"rendered":"https:\/\/jumpers.work\/ikamar\/?page_id=495"},"modified":"2023-10-02T13:30:12","modified_gmt":"2023-10-02T11:30:12","slug":"aviso-legal","status":"publish","type":"page","link":"https:\/\/ikamar.com\/fr\/aviso-legal\/","title":{"rendered":"Avis juridique"},"content":{"rendered":"<div data-elementor-type=\"wp-page\" data-elementor-id=\"495\" class=\"elementor elementor-495\" data-elementor-post-type=\"page\">\n\t\t\t\t\t\t<section class=\"elementor-section elementor-top-section elementor-element elementor-element-098c127 elementor-section-full_width elementor-section-height-default elementor-section-height-default\" data-id=\"098c127\" data-element_type=\"section\">\n\t\t\t\t\t\t<div class=\"elementor-container elementor-column-gap-default\">\n\t\t\t\t\t<div class=\"elementor-column elementor-col-100 elementor-top-column elementor-element elementor-element-a4eb3ad\" data-id=\"a4eb3ad\" data-element_type=\"column\">\n\t\t\t<div class=\"elementor-widget-wrap elementor-element-populated\">\n\t\t\t\t\t\t<div class=\"elementor-element elementor-element-6e0871e elementor-widget elementor-widget-heading\" data-id=\"6e0871e\" data-element_type=\"widget\" data-widget_type=\"heading.default\">\n\t\t\t\t<div class=\"elementor-widget-container\">\n\t\t\t\t\t<h2 class=\"elementor-heading-title elementor-size-default\">Avis juridique<\/h2>\t\t\t\t<\/div>\n\t\t\t\t<\/div>\n\t\t\t\t<div class=\"elementor-element elementor-element-11655a1 elementor-widget elementor-widget-text-editor\" data-id=\"11655a1\" data-element_type=\"widget\" data-widget_type=\"text-editor.default\">\n\t\t\t\t<div class=\"elementor-widget-container\">\n\t\t\t\t\t\t\t\t\t<div class=\"wpb_text_column wpb_content_element\"><div class=\"wpb_wrapper\"><h3><strong>1. CONDICI\u00d3N DE USUARIO<\/strong><\/h3><p class=\" translation-block\">El acceso o uso del sitio web&nbsp;<b>www.ikamar.com<\/b>&nbsp;implica tener la condici\u00f3n de USUARIO del mismo y la aceptaci\u00f3n de las condiciones generales de uso, sin perjuicio de aquellas condiciones particulares que se puedan pactar individualmente, que adquirir\u00e1n tambi\u00e9n fuerza obligatoria entre las partes.<\/p><h3><strong>2. CONDICI\u00d3N DE TITULAR<\/strong><\/h3><p>En cumplimiento de lo que dispone el art\u00edculo 10 de la Ley 34\/2002, de 11 de julio, de Servicios de la Sociedad de la Informaci\u00f3n y de Comercio Electr\u00f3nico, se pone en conocimiento a los USUARIOS del sitio web www.ikamar.com, de forma directa y gratuita, la siguiente informaci\u00f3n, relativa al TITULAR del dominio:<\/p><p>Nombre y denominaci\u00f3n social: IKAMAR<br \/>NIF: B91227421<br \/>Residencia y domicilio:<\/p><p>DARSENA DEL CENTENARIO S\/N<\/p><p>POLIGONO ZAL<\/p><p>FRIGORIFICOS GUADALQUIVIR<\/p><p>41011 SEVILLA<\/p><p>Tel\u00e9fono:\u00a0<a href=\"tel:+34954450774\">954 450 774<\/a><br \/>Direcci\u00f3n de correo electr\u00f3nico:\u00a0<a href=\"mailto:info@ikamar.com\">info@ikamar.com<\/a><\/p><h3><strong>3. OBJETO<\/strong><\/h3><p class=\" translation-block\">A trav\u00e9s del sitio web<b>www.ikamar.com<\/b>&nbsp;su TITULAR, anteriormente identificado, facilita a los USUARIOS el acceso a informaciones y la utilizaci\u00f3n de diferentes servicios puestos a disposici\u00f3n tanto por parte del TITULAR como por parte de terceros.<\/p><h3><strong>4. CONDICIONES DE USO<\/strong><\/h3><p>El acceso al sitio tendr\u00e1 car\u00e1cter gratuito, sin perjuicio de que alguno de los servicios a los que se puede accedes est\u00e9n sujetos al pago de un precio.<\/p><p>\u2013 El USUARIO asume la responsabilidad en el uso del sitio web.<\/p><p>\u2013 Para hacer uso de los servicios, los menores de edad requerir\u00e1n el permiso de sus padres o tutores, que ser\u00e1n responsables de los actos llevados a cabo por los menores a su cargo.<\/p><p class=\" translation-block\">\u2013 El USUARIO se compromete a hacer un uso adecuado de los contenidos y servicios que ofrece&nbsp;<b>www.ikamar.com<\/b>, absteni\u00e9ndose de utilizarlos con fines il\u00edcitos, o que contravengan los intereses de terceros, sean contrarios a los derechos humanos o provoquen da\u00f1os en los sistemas del sitio o en los de sus proveedores o terceros.<\/p><p>\u2013 El TITULAR dispone de la infraestructura necesaria para evitar da\u00f1os derivados de la existencia de virus inform\u00e1ticos, aunque no se hace responsable de los da\u00f1os potenciales o errores que, a causa de la presencia de cualquier virus, pueda sufrir el sistema inform\u00e1tico del USUARIO cuando \u00e9ste acceda a las p\u00e1ginas web o las utilice.<\/p><p>\u2013 Ikamar se reserva el derecho de efectuar, sin previo aviso, las modificaciones que considere oportunas en su sitio web, pudiendo cambiar, suprimir y a\u00f1adir tanto los contenidos y servicios que se prestan, como la forma en que \u00e9stos aparecen presentados o localizados.<\/p><h3><strong>5. PROPIEDAD INDUSTRIAL E INTELECTUAL<\/strong><\/h3><p class=\" translation-block\">Todas las marcas, nombres comerciales o signos distintivos del cualquier tipo que aparecen en la web&nbsp;<b>www.ikamar.com<\/b>&nbsp;son propiedad del TITULAR o de terceros, sin que pueda entenderse que el uso o acceso al sitio y\/o a los servicios atribuya al USUARIO ning\u00fan tipo de derecho sobre las marcas, nombres comerciales o signos distintivos.<\/p><p>Asimismo, los contenidos son propiedad intelectual del TITULAR o de terceros, sin que puedan entenderse cedidos al USUARIO, ni que este pueda hacer uso de los mismos m\u00e1s all\u00e1 de lo estrictamente necesario para un uso correcto del sitio web y de sus servicios.<\/p><p>Esta cl\u00e1usula incluye, a t\u00edtulo enunciativo y no limitativo: im\u00e1genes, sonido, v\u00eddeo, software, textos, marcas, logotipos, combinaciones de colores, estructura y dise\u00f1o, programas inform\u00e1ticos necesarios para su funcionamiento, acceso y uso, etc.<\/p><p>En virtud de lo dispuesto en el RDL 1\/1996, de 12 de abril, por el que se aprueba el texto refundido de la Ley de Propiedad Intelectual, quedan expresamente prohibidas la reproducci\u00f3n, distribuci\u00f3n y comunicaci\u00f3n p\u00fablica, incluida la modalidad de puesta a disposici\u00f3n, de la totalidad o parte de los contenidos de esta p\u00e1gina web, con finalidades comerciales, en cualquier soporte y por cualquier medio t\u00e9cnico, sin la autorizaci\u00f3n del TITULAR.<\/p><p>El USUARIO tendr\u00e1 que abstenerse de suprimir, alterar, eludir o manipular cualquier dispositivo de protecci\u00f3n o sistema de seguridad que se encuentre instalado en\u00a0<b>www.ikamar.com<\/b><\/p><h3><strong>6. PROTECCI\u00d3N DE DATOS DE CAR\u00c1CTER PERSONAL<\/strong><\/h3><p>El TITULAR se reserva la facultad de incluir en un fichero de datos de car\u00e1cter personal aquella informaci\u00f3n facilitada por el USUARIO, cumpliendo con las directrices marcadas por la LO 15\/1999, de 13 de diciembre, de Protecci\u00f3n de Datos de Car\u00e1cter Personal, y el RD 1720\/2007, de 21 de diciembre, por el que se aprueba el reglamento que desarrolla la citada ley.<\/p><p>La finalidad de este fichero ser\u00e1 la directamente relacionada con la actividad empresarial.<\/p><p>El USUARIO podr\u00e1 ejercer los derechos de acceso, rectificaci\u00f3n, cancelaci\u00f3n y oposici\u00f3n dirigiendo al efecto un correo electr\u00f3nico a la direcci\u00f3n\u00a0\u00a0<a href=\"mailto:info@ikamar.com\">info@ikamar.com<\/a>\u00a0indicando la referencia LOPD.<\/p><h3><strong>7. REDES SOCIALES<\/strong><\/h3><p>IKAMAR tiene presencia en las redes sociales. El tratamiento de los datos de las personas que conecten con el TITULAR a trav\u00e9s de estos canales, ya sea para hacerse seguidoras, contactar con la compa\u00f1\u00eda o para cualquier otra finalidad, se regir\u00e1 igualmente por estas condiciones generales de uso, sin perjuicio de aquellas condiciones espec\u00edficas inherentes a la red social que corresponda.<\/p><p>El TITULAR tratar\u00e1 los datos del USUARIO con los fines de administrar correctamente su presencia en cada red social en cuesti\u00f3n, informarle de actividades, productos o servicios del TITULAR o de terceros que puedan estar relacionados con su actividad, as\u00ed como para cualquier otro fin que las normativas de las redes sociales puedan permitir.<\/p><h3><strong>8. EXCLUSI\u00d3N DE GARANT\u00cdAS Y RESPONSABILIDAD<\/strong><\/h3><p><b>www.ikamar.com<\/b>\u00a0no se hace responsable, en ning\u00fan caso, de los da\u00f1os y perjuicios de cualquier tipo que se pudieran ocasionar por el funcionamiento del sitio web, citando, a t\u00edtulo meramente enunciativo: errores u omisiones en los contenidos, falta de disponibilidad del sitio, transmisi\u00f3n de virus o programas lesivos en los contenidos, aun habiendo adoptado todas las medidas tecnol\u00f3gicas para evitarlo.<\/p><h3><strong>9. ENLACES<\/strong><\/h3><p>En caso de que en\u00a0<b>www.ikamar.com<\/b>\u00a0se facilitaran enlaces a otros sitios de Internet, IKAMAR no ejercer\u00e1 ning\u00fan tipo de control sobre estos sitios y contenidos. En ning\u00fan caso el TITULAR asumir\u00e1 responsabilidades por los contenidos de los enlaces pertenecientes a un sitio web ajeno, ni garantizar\u00e1 la disponibilidad t\u00e9cnica, calidad, fiabilidad, exactitud, amplitud, veracidad, validez y constitucionalidad de cualquier material o informaci\u00f3n contenida en ninguno de estos enlaces u otros sitios de Internet. De la misma forma, el enlace de estas conexiones externas no implicar\u00e1 ning\u00fan tipo de asociaci\u00f3n, fusi\u00f3n o participaci\u00f3n con las entidades conectadas.<\/p><h3><strong>10. VIGENCIA Y MODIFICACIONES DE LAS CONDICIONES GENERALES DE USO<\/strong><\/h3><p>Estas condiciones permanecer\u00e1n en vigor de forma indefinida, sin perjuicio de su modificaci\u00f3n, que podr\u00e1 llevarse a cabo por el TITULAR en cualquier momento, siendo debidamente publicadas en el sitio web.<\/p><h3><strong>11. JURISDICCI\u00d3N Y LEGISLACI\u00d3N APLICABLE<\/strong><\/h3><p>Las relaciones entre USUARIO y TITULAR se regir\u00e1n por la normativa estatal aplicable, someti\u00e9ndose a la jurisdicci\u00f3n de los \u00f3rganos jurisdiccionales de la localidad de Sevilla.<\/p><\/div><\/div><div class=\"vc_empty_space\">\u00a0<\/div>\t\t\t\t\t\t\t\t<\/div>\n\t\t\t\t<\/div>\n\t\t\t\t\t<\/div>\n\t\t<\/div>\n\t\t\t\t\t<\/div>\n\t\t<\/section>\n\t\t\t\t<\/div>","protected":false},"excerpt":{"rendered":"<p>Aviso Legal 1. CONDICI\u00d3N DE USUARIO El acceso o uso del sitio web\u00a0www.ikamar.com\u00a0implica tener la condici\u00f3n de USUARIO del mismo y la aceptaci\u00f3n de las condiciones generales de uso, sin perjuicio de aquellas condiciones particulares que se puedan pactar individualmente, que adquirir\u00e1n tambi\u00e9n fuerza obligatoria entre las partes. 2. CONDICI\u00d3N DE TITULAR En cumplimiento de [&hellip;]<\/p>","protected":false},"author":1,"featured_media":0,"parent":0,"menu_order":0,"comment_status":"closed","ping_status":"closed","template":"","meta":{"footnotes":""},"class_list":["post-495","page","type-page","status-publish","hentry"],"yoast_head":"<!-- This site is optimized with the Yoast SEO plugin v26.6 - https:\/\/yoast.com\/wordpress\/plugins\/seo\/ -->\n<title>Aviso Legal - Ikamar<\/title>\n<meta name=\"description\" content=\"Pescamos, congelamos y distribuimos el mejor pescado, garantizando su calidad desde el origen.\" \/>\n<meta name=\"robots\" content=\"index, follow, max-snippet:-1, max-image-preview:large, max-video-preview:-1\" \/>\n<link rel=\"canonical\" href=\"https:\/\/ikamar.com\/fr\/aviso-legal\/\" \/>\n<meta property=\"og:locale\" content=\"fr_FR\" \/>\n<meta property=\"og:type\" content=\"article\" \/>\n<meta property=\"og:title\" content=\"Aviso Legal - Ikamar\" \/>\n<meta property=\"og:description\" content=\"Pescamos, congelamos y distribuimos el mejor pescado, garantizando su calidad desde el origen.\" \/>\n<meta property=\"og:url\" content=\"https:\/\/ikamar.com\/fr\/aviso-legal\/\" \/>\n<meta property=\"og:site_name\" content=\"Ikamar\" \/>\n<meta property=\"article:modified_time\" content=\"2023-10-02T11:30:12+00:00\" \/>\n<meta property=\"og:image\" content=\"https:\/\/ikamar.com\/wp-content\/uploads\/2023\/06\/IKAMAR_LOGOTIPO_CELESTE.png\" \/>\n\t<meta property=\"og:image:width\" content=\"1716\" \/>\n\t<meta property=\"og:image:height\" content=\"1136\" \/>\n\t<meta property=\"og:image:type\" content=\"image\/png\" \/>\n<meta name=\"twitter:card\" content=\"summary_large_image\" \/>\n<meta name=\"twitter:label1\" content=\"Dur\u00e9e de lecture estim\u00e9e\" \/>\n\t<meta name=\"twitter:data1\" content=\"6 minutes\" \/>\n<script type=\"application\/ld+json\" class=\"yoast-schema-graph\">{\"@context\":\"https:\/\/schema.org\",\"@graph\":[{\"@type\":\"WebPage\",\"@id\":\"https:\/\/ikamar.com\/aviso-legal\/\",\"url\":\"https:\/\/ikamar.com\/aviso-legal\/\",\"name\":\"Aviso Legal - Ikamar\",\"isPartOf\":{\"@id\":\"https:\/\/ikamar.com\/#website\"},\"datePublished\":\"2023-10-02T11:16:20+00:00\",\"dateModified\":\"2023-10-02T11:30:12+00:00\",\"description\":\"Pescamos, congelamos y distribuimos el mejor pescado, garantizando su calidad desde el origen.\",\"breadcrumb\":{\"@id\":\"https:\/\/ikamar.com\/aviso-legal\/#breadcrumb\"},\"inLanguage\":\"fr-FR\",\"potentialAction\":[{\"@type\":\"ReadAction\",\"target\":[\"https:\/\/ikamar.com\/aviso-legal\/\"]}]},{\"@type\":\"BreadcrumbList\",\"@id\":\"https:\/\/ikamar.com\/aviso-legal\/#breadcrumb\",\"itemListElement\":[{\"@type\":\"ListItem\",\"position\":1,\"name\":\"Portada\",\"item\":\"https:\/\/ikamar.com\/\"},{\"@type\":\"ListItem\",\"position\":2,\"name\":\"Aviso Legal\"}]},{\"@type\":\"WebSite\",\"@id\":\"https:\/\/ikamar.com\/#website\",\"url\":\"https:\/\/ikamar.com\/\",\"name\":\"Ikamar\",\"description\":\"Pescamos, congelamos y distribuimos el mejor pescado, garantizando su calidad desde el origen.\",\"publisher\":{\"@id\":\"https:\/\/ikamar.com\/#organization\"},\"potentialAction\":[{\"@type\":\"SearchAction\",\"target\":{\"@type\":\"EntryPoint\",\"urlTemplate\":\"https:\/\/ikamar.com\/?s={search_term_string}\"},\"query-input\":{\"@type\":\"PropertyValueSpecification\",\"valueRequired\":true,\"valueName\":\"search_term_string\"}}],\"inLanguage\":\"fr-FR\"},{\"@type\":\"Organization\",\"@id\":\"https:\/\/ikamar.com\/#organization\",\"name\":\"Ikamar\",\"url\":\"https:\/\/ikamar.com\/\",\"logo\":{\"@type\":\"ImageObject\",\"inLanguage\":\"fr-FR\",\"@id\":\"https:\/\/ikamar.com\/#\/schema\/logo\/image\/\",\"url\":\"https:\/\/ikamar.com\/wp-content\/uploads\/2023\/06\/IKAMAR_LOGOTIPO_CELESTE.png\",\"contentUrl\":\"https:\/\/ikamar.com\/wp-content\/uploads\/2023\/06\/IKAMAR_LOGOTIPO_CELESTE.png\",\"width\":1716,\"height\":1136,\"caption\":\"Ikamar\"},\"image\":{\"@id\":\"https:\/\/ikamar.com\/#\/schema\/logo\/image\/\"}}]}<\/script>\n<!-- \/ Yoast SEO plugin. -->","yoast_head_json":{"title":"Aviso Legal - Ikamar","description":"Pescamos, congelamos y distribuimos el mejor pescado, garantizando su calidad desde el origen.","robots":{"index":"index","follow":"follow","max-snippet":"max-snippet:-1","max-image-preview":"max-image-preview:large","max-video-preview":"max-video-preview:-1"},"canonical":"https:\/\/ikamar.com\/fr\/aviso-legal\/","og_locale":"fr_FR","og_type":"article","og_title":"Aviso Legal - Ikamar","og_description":"Pescamos, congelamos y distribuimos el mejor pescado, garantizando su calidad desde el origen.","og_url":"https:\/\/ikamar.com\/fr\/aviso-legal\/","og_site_name":"Ikamar","article_modified_time":"2023-10-02T11:30:12+00:00","og_image":[{"width":1716,"height":1136,"url":"https:\/\/ikamar.com\/wp-content\/uploads\/2023\/06\/IKAMAR_LOGOTIPO_CELESTE.png","type":"image\/png"}],"twitter_card":"summary_large_image","twitter_misc":{"Dur\u00e9e de lecture estim\u00e9e":"6 minutes"},"schema":{"@context":"https:\/\/schema.org","@graph":[{"@type":"WebPage","@id":"https:\/\/ikamar.com\/aviso-legal\/","url":"https:\/\/ikamar.com\/aviso-legal\/","name":"Aviso Legal - Ikamar","isPartOf":{"@id":"https:\/\/ikamar.com\/#website"},"datePublished":"2023-10-02T11:16:20+00:00","dateModified":"2023-10-02T11:30:12+00:00","description":"Pescamos, congelamos y distribuimos el mejor pescado, garantizando su calidad desde el origen.","breadcrumb":{"@id":"https:\/\/ikamar.com\/aviso-legal\/#breadcrumb"},"inLanguage":"fr-FR","potentialAction":[{"@type":"ReadAction","target":["https:\/\/ikamar.com\/aviso-legal\/"]}]},{"@type":"BreadcrumbList","@id":"https:\/\/ikamar.com\/aviso-legal\/#breadcrumb","itemListElement":[{"@type":"ListItem","position":1,"name":"Portada","item":"https:\/\/ikamar.com\/"},{"@type":"ListItem","position":2,"name":"Aviso Legal"}]},{"@type":"WebSite","@id":"https:\/\/ikamar.com\/#website","url":"https:\/\/ikamar.com\/","name":"Ikamar","description":"Pescamos, congelamos y distribuimos el mejor pescado, garantizando su calidad desde el origen.","publisher":{"@id":"https:\/\/ikamar.com\/#organization"},"potentialAction":[{"@type":"SearchAction","target":{"@type":"EntryPoint","urlTemplate":"https:\/\/ikamar.com\/?s={search_term_string}"},"query-input":{"@type":"PropertyValueSpecification","valueRequired":true,"valueName":"search_term_string"}}],"inLanguage":"fr-FR"},{"@type":"Organization","@id":"https:\/\/ikamar.com\/#organization","name":"Ikamar","url":"https:\/\/ikamar.com\/","logo":{"@type":"ImageObject","inLanguage":"fr-FR","@id":"https:\/\/ikamar.com\/#\/schema\/logo\/image\/","url":"https:\/\/ikamar.com\/wp-content\/uploads\/2023\/06\/IKAMAR_LOGOTIPO_CELESTE.png","contentUrl":"https:\/\/ikamar.com\/wp-content\/uploads\/2023\/06\/IKAMAR_LOGOTIPO_CELESTE.png","width":1716,"height":1136,"caption":"Ikamar"},"image":{"@id":"https:\/\/ikamar.com\/#\/schema\/logo\/image\/"}}]}},"_links":{"self":[{"href":"https:\/\/ikamar.com\/fr\/wp-json\/wp\/v2\/pages\/495","targetHints":{"allow":["GET"]}}],"collection":[{"href":"https:\/\/ikamar.com\/fr\/wp-json\/wp\/v2\/pages"}],"about":[{"href":"https:\/\/ikamar.com\/fr\/wp-json\/wp\/v2\/types\/page"}],"author":[{"embeddable":true,"href":"https:\/\/ikamar.com\/fr\/wp-json\/wp\/v2\/users\/1"}],"replies":[{"embeddable":true,"href":"https:\/\/ikamar.com\/fr\/wp-json\/wp\/v2\/comments?post=495"}],"version-history":[{"count":7,"href":"https:\/\/ikamar.com\/fr\/wp-json\/wp\/v2\/pages\/495\/revisions"}],"predecessor-version":[{"id":518,"href":"https:\/\/ikamar.com\/fr\/wp-json\/wp\/v2\/pages\/495\/revisions\/518"}],"wp:attachment":[{"href":"https:\/\/ikamar.com\/fr\/wp-json\/wp\/v2\/media?parent=495"}],"curies":[{"name":"wp","href":"https:\/\/api.w.org\/{rel}","templated":true}]}}