{"id":508,"date":"2023-10-02T13:25:17","date_gmt":"2023-10-02T11:25:17","guid":{"rendered":"https:\/\/jumpers.work\/ikamar\/?page_id=508"},"modified":"2023-10-03T16:40:41","modified_gmt":"2023-10-03T14:40:41","slug":"politica-de-cookies","status":"publish","type":"page","link":"https:\/\/ikamar.com\/en\/politica-de-cookies\/","title":{"rendered":"Cookies Policy"},"content":{"rendered":"<div data-elementor-type=\"wp-page\" data-elementor-id=\"508\" class=\"elementor elementor-508\" data-elementor-post-type=\"page\">\n\t\t\t\t\t\t<section class=\"elementor-section elementor-top-section elementor-element elementor-element-098c127 elementor-section-full_width elementor-section-height-default elementor-section-height-default\" data-id=\"098c127\" data-element_type=\"section\" data-e-type=\"section\">\n\t\t\t\t\t\t<div class=\"elementor-container elementor-column-gap-default\">\n\t\t\t\t\t<div class=\"elementor-column elementor-col-100 elementor-top-column elementor-element elementor-element-a4eb3ad\" data-id=\"a4eb3ad\" data-element_type=\"column\" data-e-type=\"column\">\n\t\t\t<div class=\"elementor-widget-wrap elementor-element-populated\">\n\t\t\t\t\t\t<div class=\"elementor-element elementor-element-6e0871e elementor-widget elementor-widget-heading\" data-id=\"6e0871e\" data-element_type=\"widget\" data-e-type=\"widget\" data-widget_type=\"heading.default\">\n\t\t\t\t<div class=\"elementor-widget-container\">\n\t\t\t\t\t<h2 class=\"elementor-heading-title elementor-size-default\">Cookies Policy<\/h2>\t\t\t\t<\/div>\n\t\t\t\t<\/div>\n\t\t\t\t<div class=\"elementor-element elementor-element-11655a1 elementor-widget elementor-widget-text-editor\" data-id=\"11655a1\" data-element_type=\"widget\" data-e-type=\"widget\" data-widget_type=\"text-editor.default\">\n\t\t\t\t<div class=\"elementor-widget-container\">\n\t\t\t\t\t\t\t\t\t<p>Una\u00a0<em>cookie<\/em>\u00a0is a small text file that is stored in your browser when you visit almost any web page. Its usefulness is that the web is able to remember your visit when you return to browse that page. The\u00a0<em>cookies<\/em>\u00a0usually store technical information, personal preferences, personalization of content, usage statistics, links to social networks, access to user accounts, etc.. The purpose of the\u00a0<em>cookie<\/em>\u00a0is to adapt the content of the web to your profile and needs, without\u00a0<em>cookies<\/em>\u00a0the services offered by any site would be significantly diminished. For more information on what are the\u00a0<em>cookies<\/em>what they store, how to delete them, deactivate them, etc.<\/p><h3><strong>COOKIES USED ON THIS WEBSITE<\/strong><\/h3><p class=\" translation-block\">Following the guidelines of the Spanish Data Protection Agency we proceed to detail the use of cookies that makes this website in order to inform you as accurately as possible.<\/p><p class=\" translation-block\">This website uses the following own cookies:<\/p><ul><li class=\" translation-block\">Session cookies, to ensure that users who write comments on the blog are human and not automated applications. This way we fight spam.<\/li><\/ul><p>This website uses the following\u00a0<strong>third party cookies<\/strong>:<\/p><ul><li class=\" translation-block\">Google Analytics: Stores cookies to compile statistics on traffic and volume of visits to this website. By using this website you are consenting to the processing of information about you by Google. Therefore, the exercise of any rights in this regard should do so by communicating directly with Google.<\/li><li class=\" translation-block\">Social networks: Each social network uses its own cookies so that you can click on buttons such as Like or Share.<\/li><\/ul><h3>\u00a0<\/h3><h3><strong>DISABLING OR DELETING COOKIES<\/strong><\/h3><p>You may exercise your right to disable or delete cookies from this website at any time. These actions are performed differently depending on the browser you are using.\u00a0<\/p><p><strong>ADDITIONAL REMARKS<\/strong><\/p><ul><li class=\" translation-block\">Neither this website nor its legal representatives are responsible for the content or accuracy of the privacy policies that third parties mentioned in this cookie policy may have.<\/li><li class=\" translation-block\">Web browsers are the tools responsible for storing cookies and from this place you must carry out your right to delete or disable them. Neither this website nor its legal representatives can guarantee the correct or incorrect handling of cookies by the aforementioned browsers.<\/li><li class=\" translation-block\">En algunos casos es necesario instalar cookies para que el navegador no olvide su decisi\u00f3n de no aceptaci\u00f3n de las mismas.<\/li><li class=\" translation-block\">In the case of Google Analytics cookies, this company stores cookies on servers located in the United States and undertakes not to share it with third parties, except in cases where it is necessary for the operation of the system or when the law requires it to that effect. According to Google does not store your IP address. Google Inc. is a company adhered to the Safe Harbor Agreement which guarantees that all data transferred will be treated with a level of protection in accordance with European regulations. You can consult detailed information in this regard at this link. If you want information about the use that Google gives to the cookies we attach this other link.<\/li><li class=\" translation-block\">If you have any doubts or questions about this cookie policy, please do not hesitate to contact us through the contact section.<\/li><\/ul>\t\t\t\t\t\t\t\t<\/div>\n\t\t\t\t<\/div>\n\t\t\t\t<div class=\"elementor-element elementor-element-21ac6f1 elementor-widget elementor-widget-spacer\" data-id=\"21ac6f1\" data-element_type=\"widget\" data-e-type=\"widget\" data-widget_type=\"spacer.default\">\n\t\t\t\t<div class=\"elementor-widget-container\">\n\t\t\t\t\t\t\t<div class=\"elementor-spacer\">\n\t\t\t<div class=\"elementor-spacer-inner\"><\/div>\n\t\t<\/div>\n\t\t\t\t\t\t<\/div>\n\t\t\t\t<\/div>\n\t\t\t\t\t<\/div>\n\t\t<\/div>\n\t\t\t\t\t<\/div>\n\t\t<\/section>\n\t\t\t\t<\/div>","protected":false},"excerpt":{"rendered":"<p>Pol\u00edtica de Cookies Una\u00a0cookie\u00a0es un peque\u00f1o fichero de texto que se almacena en su navegador cuando visita casi cualquier p\u00e1gina web. Su utilidad es que la web sea capaz de recordar su visita cuando vuelva a navegar por esa p\u00e1gina. Las\u00a0cookies\u00a0suelen almacenar informaci\u00f3n de car\u00e1cter t\u00e9cnico, preferencias personales, personalizaci\u00f3n de contenidos, estad\u00edsticas de uso, enlaces [&hellip;]<\/p>","protected":false},"author":1,"featured_media":0,"parent":0,"menu_order":0,"comment_status":"closed","ping_status":"closed","template":"","meta":{"footnotes":""},"class_list":["post-508","page","type-page","status-publish","hentry"],"yoast_head":"<!-- This site is optimized with the Yoast SEO plugin v27.5 - https:\/\/yoast.com\/product\/yoast-seo-wordpress\/ -->\n<title>Pol\u00edtica de Cookies - Ikamar<\/title>\n<meta name=\"description\" content=\"Pescamos, congelamos y distribuimos el mejor pescado, garantizando su calidad desde el origen.\" \/>\n<meta name=\"robots\" content=\"index, follow, max-snippet:-1, max-image-preview:large, max-video-preview:-1\" \/>\n<link rel=\"canonical\" href=\"https:\/\/ikamar.com\/en\/politica-de-cookies\/\" \/>\n<meta property=\"og:locale\" content=\"en_GB\" \/>\n<meta property=\"og:type\" content=\"article\" \/>\n<meta property=\"og:title\" content=\"Pol\u00edtica de Cookies - Ikamar\" \/>\n<meta property=\"og:description\" content=\"Pescamos, congelamos y distribuimos el mejor pescado, garantizando su calidad desde el origen.\" \/>\n<meta property=\"og:url\" content=\"https:\/\/ikamar.com\/en\/politica-de-cookies\/\" \/>\n<meta property=\"og:site_name\" content=\"Ikamar\" \/>\n<meta property=\"article:modified_time\" content=\"2023-10-03T14:40:41+00:00\" \/>\n<meta property=\"og:image\" content=\"https:\/\/ikamar.com\/wp-content\/uploads\/2023\/06\/IKAMAR_LOGOTIPO_CELESTE.png\" \/>\n\t<meta property=\"og:image:width\" content=\"1716\" \/>\n\t<meta property=\"og:image:height\" content=\"1136\" \/>\n\t<meta property=\"og:image:type\" content=\"image\/png\" \/>\n<meta name=\"twitter:card\" content=\"summary_large_image\" \/>\n<meta name=\"twitter:label1\" content=\"Estimated reading time\" \/>\n\t<meta name=\"twitter:data1\" content=\"3 minutes\" \/>\n<script type=\"application\/ld+json\" class=\"yoast-schema-graph\">{\"@context\":\"https:\\\/\\\/schema.org\",\"@graph\":[{\"@type\":\"WebPage\",\"@id\":\"https:\\\/\\\/ikamar.com\\\/politica-de-cookies\\\/\",\"url\":\"https:\\\/\\\/ikamar.com\\\/politica-de-cookies\\\/\",\"name\":\"Pol\u00edtica de Cookies - Ikamar\",\"isPartOf\":{\"@id\":\"https:\\\/\\\/ikamar.com\\\/#website\"},\"datePublished\":\"2023-10-02T11:25:17+00:00\",\"dateModified\":\"2023-10-03T14:40:41+00:00\",\"description\":\"Pescamos, congelamos y distribuimos el mejor pescado, garantizando su calidad desde el origen.\",\"breadcrumb\":{\"@id\":\"https:\\\/\\\/ikamar.com\\\/politica-de-cookies\\\/#breadcrumb\"},\"inLanguage\":\"en-GB\",\"potentialAction\":[{\"@type\":\"ReadAction\",\"target\":[\"https:\\\/\\\/ikamar.com\\\/politica-de-cookies\\\/\"]}]},{\"@type\":\"BreadcrumbList\",\"@id\":\"https:\\\/\\\/ikamar.com\\\/politica-de-cookies\\\/#breadcrumb\",\"itemListElement\":[{\"@type\":\"ListItem\",\"position\":1,\"name\":\"Portada\",\"item\":\"https:\\\/\\\/ikamar.com\\\/\"},{\"@type\":\"ListItem\",\"position\":2,\"name\":\"Pol\u00edtica de Cookies\"}]},{\"@type\":\"WebSite\",\"@id\":\"https:\\\/\\\/ikamar.com\\\/#website\",\"url\":\"https:\\\/\\\/ikamar.com\\\/\",\"name\":\"Ikamar\",\"description\":\"Pescamos, congelamos y distribuimos el mejor pescado, garantizando su calidad desde el origen.\",\"publisher\":{\"@id\":\"https:\\\/\\\/ikamar.com\\\/#organization\"},\"potentialAction\":[{\"@type\":\"SearchAction\",\"target\":{\"@type\":\"EntryPoint\",\"urlTemplate\":\"https:\\\/\\\/ikamar.com\\\/?s={search_term_string}\"},\"query-input\":{\"@type\":\"PropertyValueSpecification\",\"valueRequired\":true,\"valueName\":\"search_term_string\"}}],\"inLanguage\":\"en-GB\"},{\"@type\":\"Organization\",\"@id\":\"https:\\\/\\\/ikamar.com\\\/#organization\",\"name\":\"Ikamar\",\"url\":\"https:\\\/\\\/ikamar.com\\\/\",\"logo\":{\"@type\":\"ImageObject\",\"inLanguage\":\"en-GB\",\"@id\":\"https:\\\/\\\/ikamar.com\\\/#\\\/schema\\\/logo\\\/image\\\/\",\"url\":\"https:\\\/\\\/ikamar.com\\\/wp-content\\\/uploads\\\/2023\\\/06\\\/IKAMAR_LOGOTIPO_CELESTE.png\",\"contentUrl\":\"https:\\\/\\\/ikamar.com\\\/wp-content\\\/uploads\\\/2023\\\/06\\\/IKAMAR_LOGOTIPO_CELESTE.png\",\"width\":1716,\"height\":1136,\"caption\":\"Ikamar\"},\"image\":{\"@id\":\"https:\\\/\\\/ikamar.com\\\/#\\\/schema\\\/logo\\\/image\\\/\"}}]}<\/script>\n<!-- \/ Yoast SEO plugin. -->","yoast_head_json":{"title":"Pol\u00edtica de Cookies - Ikamar","description":"Pescamos, congelamos y distribuimos el mejor pescado, garantizando su calidad desde el origen.","robots":{"index":"index","follow":"follow","max-snippet":"max-snippet:-1","max-image-preview":"max-image-preview:large","max-video-preview":"max-video-preview:-1"},"canonical":"https:\/\/ikamar.com\/en\/politica-de-cookies\/","og_locale":"en_GB","og_type":"article","og_title":"Pol\u00edtica de Cookies - Ikamar","og_description":"Pescamos, congelamos y distribuimos el mejor pescado, garantizando su calidad desde el origen.","og_url":"https:\/\/ikamar.com\/en\/politica-de-cookies\/","og_site_name":"Ikamar","article_modified_time":"2023-10-03T14:40:41+00:00","og_image":[{"width":1716,"height":1136,"url":"https:\/\/ikamar.com\/wp-content\/uploads\/2023\/06\/IKAMAR_LOGOTIPO_CELESTE.png","type":"image\/png"}],"twitter_card":"summary_large_image","twitter_misc":{"Estimated reading time":"3 minutes"},"schema":{"@context":"https:\/\/schema.org","@graph":[{"@type":"WebPage","@id":"https:\/\/ikamar.com\/politica-de-cookies\/","url":"https:\/\/ikamar.com\/politica-de-cookies\/","name":"Pol\u00edtica de Cookies - Ikamar","isPartOf":{"@id":"https:\/\/ikamar.com\/#website"},"datePublished":"2023-10-02T11:25:17+00:00","dateModified":"2023-10-03T14:40:41+00:00","description":"Pescamos, congelamos y distribuimos el mejor pescado, garantizando su calidad desde el origen.","breadcrumb":{"@id":"https:\/\/ikamar.com\/politica-de-cookies\/#breadcrumb"},"inLanguage":"en-GB","potentialAction":[{"@type":"ReadAction","target":["https:\/\/ikamar.com\/politica-de-cookies\/"]}]},{"@type":"BreadcrumbList","@id":"https:\/\/ikamar.com\/politica-de-cookies\/#breadcrumb","itemListElement":[{"@type":"ListItem","position":1,"name":"Portada","item":"https:\/\/ikamar.com\/"},{"@type":"ListItem","position":2,"name":"Pol\u00edtica de Cookies"}]},{"@type":"WebSite","@id":"https:\/\/ikamar.com\/#website","url":"https:\/\/ikamar.com\/","name":"Ikamar","description":"Pescamos, congelamos y distribuimos el mejor pescado, garantizando su calidad desde el origen.","publisher":{"@id":"https:\/\/ikamar.com\/#organization"},"potentialAction":[{"@type":"SearchAction","target":{"@type":"EntryPoint","urlTemplate":"https:\/\/ikamar.com\/?s={search_term_string}"},"query-input":{"@type":"PropertyValueSpecification","valueRequired":true,"valueName":"search_term_string"}}],"inLanguage":"en-GB"},{"@type":"Organization","@id":"https:\/\/ikamar.com\/#organization","name":"Ikamar","url":"https:\/\/ikamar.com\/","logo":{"@type":"ImageObject","inLanguage":"en-GB","@id":"https:\/\/ikamar.com\/#\/schema\/logo\/image\/","url":"https:\/\/ikamar.com\/wp-content\/uploads\/2023\/06\/IKAMAR_LOGOTIPO_CELESTE.png","contentUrl":"https:\/\/ikamar.com\/wp-content\/uploads\/2023\/06\/IKAMAR_LOGOTIPO_CELESTE.png","width":1716,"height":1136,"caption":"Ikamar"},"image":{"@id":"https:\/\/ikamar.com\/#\/schema\/logo\/image\/"}}]}},"_links":{"self":[{"href":"https:\/\/ikamar.com\/en\/wp-json\/wp\/v2\/pages\/508","targetHints":{"allow":["GET"]}}],"collection":[{"href":"https:\/\/ikamar.com\/en\/wp-json\/wp\/v2\/pages"}],"about":[{"href":"https:\/\/ikamar.com\/en\/wp-json\/wp\/v2\/types\/page"}],"author":[{"embeddable":true,"href":"https:\/\/ikamar.com\/en\/wp-json\/wp\/v2\/users\/1"}],"replies":[{"embeddable":true,"href":"https:\/\/ikamar.com\/en\/wp-json\/wp\/v2\/comments?post=508"}],"version-history":[{"count":10,"href":"https:\/\/ikamar.com\/en\/wp-json\/wp\/v2\/pages\/508\/revisions"}],"predecessor-version":[{"id":691,"href":"https:\/\/ikamar.com\/en\/wp-json\/wp\/v2\/pages\/508\/revisions\/691"}],"wp:attachment":[{"href":"https:\/\/ikamar.com\/en\/wp-json\/wp\/v2\/media?parent=508"}],"curies":[{"name":"wp","href":"https:\/\/api.w.org\/{rel}","templated":true}]}}