{"id":495,"date":"2023-10-02T13:16:20","date_gmt":"2023-10-02T11:16:20","guid":{"rendered":"https:\/\/jumpers.work\/ikamar\/?page_id=495"},"modified":"2023-10-02T13:30:12","modified_gmt":"2023-10-02T11:30:12","slug":"aviso-legal","status":"publish","type":"page","link":"https:\/\/ikamar.com\/en\/aviso-legal\/","title":{"rendered":"Legal Notice"},"content":{"rendered":"<div data-elementor-type=\"wp-page\" data-elementor-id=\"495\" class=\"elementor elementor-495\" data-elementor-post-type=\"page\">\n\t\t\t\t\t\t<section class=\"elementor-section elementor-top-section elementor-element elementor-element-098c127 elementor-section-full_width elementor-section-height-default elementor-section-height-default\" data-id=\"098c127\" data-element_type=\"section\">\n\t\t\t\t\t\t<div class=\"elementor-container elementor-column-gap-default\">\n\t\t\t\t\t<div class=\"elementor-column elementor-col-100 elementor-top-column elementor-element elementor-element-a4eb3ad\" data-id=\"a4eb3ad\" data-element_type=\"column\">\n\t\t\t<div class=\"elementor-widget-wrap elementor-element-populated\">\n\t\t\t\t\t\t<div class=\"elementor-element elementor-element-6e0871e elementor-widget elementor-widget-heading\" data-id=\"6e0871e\" data-element_type=\"widget\" data-widget_type=\"heading.default\">\n\t\t\t\t<div class=\"elementor-widget-container\">\n\t\t\t\t\t<h2 class=\"elementor-heading-title elementor-size-default\">Legal Notice<\/h2>\t\t\t\t<\/div>\n\t\t\t\t<\/div>\n\t\t\t\t<div class=\"elementor-element elementor-element-11655a1 elementor-widget elementor-widget-text-editor\" data-id=\"11655a1\" data-element_type=\"widget\" data-widget_type=\"text-editor.default\">\n\t\t\t\t<div class=\"elementor-widget-container\">\n\t\t\t\t\t\t\t\t\t<div class=\"wpb_text_column wpb_content_element\"><div class=\"wpb_wrapper\"><h3><strong>1. USER STATUS<\/strong><\/h3><p class=\" translation-block\">Access to or use of the website <b>www.ikamar.com<\/b>\u00a0implies the condition of USER of the same and the acceptance of the general conditions of use, without prejudice to those particular conditions that may be agreed individually, which will also acquire binding force between the parties.<\/p><h3><strong>2. STATUS OF HOLDER<\/strong><\/h3><p>In compliance with the provisions of Article 10 of Law 34\/2002, of July 11, Services of the Information Society and Electronic Commerce, is brought to the attention of the USERS of the website www.ikamar.com, directly and free of charge, the following information regarding the OWNER of the domain:<\/p><p>Name and corporate name: IKAMAR<br \/>NIF: B91227421<br \/>Residence and domicile:<\/p><p>DARSENA DEL CENTENARIO S\/N<\/p><p>POLIGONO ZAL<\/p><p>FRIGORIFICOS GUADALQUIVIR<\/p><p>41011 SEVILLA<\/p><p>Phone:\u00a0<a href=\"tel:+34954450774\">954 450 774<\/a><br \/>Email:\u00a0<a href=\"mailto:info@ikamar.com\">info@ikamar.com<\/a><\/p><h3><strong>3. OBJECT<\/strong><\/h3><p class=\" translation-block\">Through the website<b>www.ikamar.com<\/b>\u00a0its OWNER, identified above, provides USERS with access to information and the use of various services made available both by the OWNER and by third parties.<\/p><h3><strong>4. CONDITIONS OF USE<\/strong><\/h3><p>Access to the site is free of charge, notwithstanding the fact that some of the services that can be accessed are subject to payment of a fee.<\/p><p>- The USER assumes responsibility for the use of the website.<\/p><p>- In order to use the services, minors shall require the permission of their parents or guardians, who shall be responsible for the acts carried out by the minors in their care.<\/p><p class=\" translation-block\">\u2013 The USER undertakes to make appropriate use of the contents and services offered by\u00a0<b>www.ikamar.com<\/b>, refraining from using them for illicit purposes, or that contravene the interests of third parties, are contrary to human rights or cause damage to the site's systems or those of its suppliers or third parties.<\/p><p>- The OWNER has the necessary infrastructure to prevent damage resulting from the existence of computer viruses, although it is not responsible for any potential damage or errors that, due to the presence of any virus, the USER's computer system may suffer when accessing or using the web pages.<\/p><p>- Ikamar reserves the right to make unannounced changes it deems appropriate on its website, and may change, delete and add content and services provided, as well as the way in which they are presented or located.<\/p><h3><strong>5. INDUSTRIAL AND INTELLECTUAL PROPERTY<\/strong><\/h3><p class=\" translation-block\">All trademarks, trade names or distinctive signs of any kind that appear on the website\u00a0<b>www.ikamar.com<\/b>\u00a0are the property of the OWNER or third parties, without it being understood that the use or access to the site and \/ or services attributed to the USER any rights over trademarks, trade names or logos.<\/p><p>Also, the contents are the intellectual property of the OWNER or third parties, without being transferred to the USER, nor can the USER make use of them beyond what is strictly necessary for the proper use of the website and its services.<\/p><p>This clause includes, but is not limited to: images, sound, video, software, texts, trademarks, logos, color combinations, structure and design, computer programs necessary for its operation, access and use, etc.<\/p><p>Under the provisions of RDL 1\/1996 of April 12, 1996, approving the revised text of the Intellectual Property Law, are expressly prohibited reproduction, distribution and public communication, including the mode of making available, all or part of the contents of this website, for commercial purposes, in any medium and by any technical means, without the authorization of the OWNER.<\/p><p>The USER shall refrain from deleting, altering, evading or manipulating any protection device or security system that is installed in\u00a0<b>www.ikamar.com<\/b><\/p><h3><strong>6. PROTECTION OF PERSONAL DATA<\/strong><\/h3><p>The OWNER reserves the right to include in a personal data file that information provided by the USER, in compliance with the guidelines set by the LO 15\/1999, of December 13, Protection of Personal Data, and RD 1720\/2007, of December 21, which approves the regulation that develops the aforementioned law.<\/p><p>The purpose of this file will be directly related to the business activity.<\/p><p>The USER may exercise the rights of access, rectification, cancellation and opposition by sending an e-mail to the following e-mail address\u00a0\u00a0<a href=\"mailto:info@ikamar.com\">info@ikamar.com<\/a>\u00a0indicating the LOPD reference.<\/p><h3><strong>7. SOCIAL MEDIA<\/strong><\/h3><p>IKAMAR has a presence in social networks. The processing of the data of persons who connect with the OWNER through these channels, whether to become followers, contact the company or for any other purpose, shall also be governed by these general conditions of use, without prejudice to those specific conditions inherent to the corresponding social network.<\/p><p>The OWNER will process the USER's data for the purposes of properly managing its presence in each social network in question, informing the USER of activities, products or services of the OWNER or third parties that may be related to its activity, as well as for any other purpose that the regulations of the social networks may allow.<\/p><h3><strong>8. DISCLAIMER OF WARRANTIES AND LIABILITY<\/strong><\/h3><p><b>www.ikamar.com<\/b>\u00a0is not responsible, in any case, for damages of any kind that may be caused by the operation of the website, citing, but not limited to: errors or omissions in the content, lack of availability of the site, transmission of viruses or harmful programs in the content, even having taken all the technological measures to prevent it.<\/p><h3><strong>9. LINKS<\/strong><\/h3><p>In the event that in\u00a0<b>www.ikamar.com<\/b>\u00a0links to other Internet sites are provided, IKAMAR will not exercise any control over these sites and content. In no event shall the OWNER assume any responsibility for the contents of the links belonging to another website, nor guarantee the technical availability, quality, reliability, accuracy, comprehensiveness, accuracy, truthfulness, validity and constitutionality of any material or information contained in any of these links or other Internet sites. Likewise, the linking of these external connections shall not imply any type of association, merger or participation with the connected entities.<\/p><h3><strong>10. VALIDITY AND MODIFICATIONS OF THE GENERAL CONDITIONS OF USE<\/strong><\/h3><p>These conditions shall remain in force indefinitely, without prejudice to their modification, which may be carried out by the OWNER at any time, being duly published on the website.<\/p><h3><strong>11. JURISDICTION AND APPLICABLE LAW<\/strong><\/h3><p>The relationship between USER and OWNER shall be governed by the applicable state regulations, subject to the jurisdiction of the courts of the town of Seville.<\/p><\/div><\/div><div class=\"vc_empty_space\">\u00a0<\/div>\t\t\t\t\t\t\t\t<\/div>\n\t\t\t\t<\/div>\n\t\t\t\t\t<\/div>\n\t\t<\/div>\n\t\t\t\t\t<\/div>\n\t\t<\/section>\n\t\t\t\t<\/div>","protected":false},"excerpt":{"rendered":"<p>Aviso Legal 1. CONDICI\u00d3N DE USUARIO El acceso o uso del sitio web\u00a0www.ikamar.com\u00a0implica tener la condici\u00f3n de USUARIO del mismo y la aceptaci\u00f3n de las condiciones generales de uso, sin perjuicio de aquellas condiciones particulares que se puedan pactar individualmente, que adquirir\u00e1n tambi\u00e9n fuerza obligatoria entre las partes. 2. CONDICI\u00d3N DE TITULAR En cumplimiento de [&hellip;]<\/p>","protected":false},"author":1,"featured_media":0,"parent":0,"menu_order":0,"comment_status":"closed","ping_status":"closed","template":"","meta":{"footnotes":""},"class_list":["post-495","page","type-page","status-publish","hentry"],"yoast_head":"<!-- This site is optimized with the Yoast SEO plugin v26.6 - https:\/\/yoast.com\/wordpress\/plugins\/seo\/ -->\n<title>Aviso Legal - Ikamar<\/title>\n<meta name=\"description\" content=\"Pescamos, congelamos y distribuimos el mejor pescado, garantizando su calidad desde el origen.\" \/>\n<meta name=\"robots\" content=\"index, follow, max-snippet:-1, max-image-preview:large, max-video-preview:-1\" \/>\n<link rel=\"canonical\" href=\"https:\/\/ikamar.com\/en\/aviso-legal\/\" \/>\n<meta property=\"og:locale\" content=\"en_GB\" \/>\n<meta property=\"og:type\" content=\"article\" \/>\n<meta property=\"og:title\" content=\"Aviso Legal - Ikamar\" \/>\n<meta property=\"og:description\" content=\"Pescamos, congelamos y distribuimos el mejor pescado, garantizando su calidad desde el origen.\" \/>\n<meta property=\"og:url\" content=\"https:\/\/ikamar.com\/en\/aviso-legal\/\" \/>\n<meta property=\"og:site_name\" content=\"Ikamar\" \/>\n<meta property=\"article:modified_time\" content=\"2023-10-02T11:30:12+00:00\" \/>\n<meta property=\"og:image\" content=\"https:\/\/ikamar.com\/wp-content\/uploads\/2023\/06\/IKAMAR_LOGOTIPO_CELESTE.png\" \/>\n\t<meta property=\"og:image:width\" content=\"1716\" \/>\n\t<meta property=\"og:image:height\" content=\"1136\" \/>\n\t<meta property=\"og:image:type\" content=\"image\/png\" \/>\n<meta name=\"twitter:card\" content=\"summary_large_image\" \/>\n<meta name=\"twitter:label1\" content=\"Estimated reading time\" \/>\n\t<meta name=\"twitter:data1\" content=\"6 minutes\" \/>\n<script type=\"application\/ld+json\" class=\"yoast-schema-graph\">{\"@context\":\"https:\/\/schema.org\",\"@graph\":[{\"@type\":\"WebPage\",\"@id\":\"https:\/\/ikamar.com\/aviso-legal\/\",\"url\":\"https:\/\/ikamar.com\/aviso-legal\/\",\"name\":\"Aviso Legal - Ikamar\",\"isPartOf\":{\"@id\":\"https:\/\/ikamar.com\/#website\"},\"datePublished\":\"2023-10-02T11:16:20+00:00\",\"dateModified\":\"2023-10-02T11:30:12+00:00\",\"description\":\"Pescamos, congelamos y distribuimos el mejor pescado, garantizando su calidad desde el origen.\",\"breadcrumb\":{\"@id\":\"https:\/\/ikamar.com\/aviso-legal\/#breadcrumb\"},\"inLanguage\":\"en-GB\",\"potentialAction\":[{\"@type\":\"ReadAction\",\"target\":[\"https:\/\/ikamar.com\/aviso-legal\/\"]}]},{\"@type\":\"BreadcrumbList\",\"@id\":\"https:\/\/ikamar.com\/aviso-legal\/#breadcrumb\",\"itemListElement\":[{\"@type\":\"ListItem\",\"position\":1,\"name\":\"Portada\",\"item\":\"https:\/\/ikamar.com\/\"},{\"@type\":\"ListItem\",\"position\":2,\"name\":\"Aviso Legal\"}]},{\"@type\":\"WebSite\",\"@id\":\"https:\/\/ikamar.com\/#website\",\"url\":\"https:\/\/ikamar.com\/\",\"name\":\"Ikamar\",\"description\":\"Pescamos, congelamos y distribuimos el mejor pescado, garantizando su calidad desde el origen.\",\"publisher\":{\"@id\":\"https:\/\/ikamar.com\/#organization\"},\"potentialAction\":[{\"@type\":\"SearchAction\",\"target\":{\"@type\":\"EntryPoint\",\"urlTemplate\":\"https:\/\/ikamar.com\/?s={search_term_string}\"},\"query-input\":{\"@type\":\"PropertyValueSpecification\",\"valueRequired\":true,\"valueName\":\"search_term_string\"}}],\"inLanguage\":\"en-GB\"},{\"@type\":\"Organization\",\"@id\":\"https:\/\/ikamar.com\/#organization\",\"name\":\"Ikamar\",\"url\":\"https:\/\/ikamar.com\/\",\"logo\":{\"@type\":\"ImageObject\",\"inLanguage\":\"en-GB\",\"@id\":\"https:\/\/ikamar.com\/#\/schema\/logo\/image\/\",\"url\":\"https:\/\/ikamar.com\/wp-content\/uploads\/2023\/06\/IKAMAR_LOGOTIPO_CELESTE.png\",\"contentUrl\":\"https:\/\/ikamar.com\/wp-content\/uploads\/2023\/06\/IKAMAR_LOGOTIPO_CELESTE.png\",\"width\":1716,\"height\":1136,\"caption\":\"Ikamar\"},\"image\":{\"@id\":\"https:\/\/ikamar.com\/#\/schema\/logo\/image\/\"}}]}<\/script>\n<!-- \/ Yoast SEO plugin. -->","yoast_head_json":{"title":"Aviso Legal - Ikamar","description":"Pescamos, congelamos y distribuimos el mejor pescado, garantizando su calidad desde el origen.","robots":{"index":"index","follow":"follow","max-snippet":"max-snippet:-1","max-image-preview":"max-image-preview:large","max-video-preview":"max-video-preview:-1"},"canonical":"https:\/\/ikamar.com\/en\/aviso-legal\/","og_locale":"en_GB","og_type":"article","og_title":"Aviso Legal - Ikamar","og_description":"Pescamos, congelamos y distribuimos el mejor pescado, garantizando su calidad desde el origen.","og_url":"https:\/\/ikamar.com\/en\/aviso-legal\/","og_site_name":"Ikamar","article_modified_time":"2023-10-02T11:30:12+00:00","og_image":[{"width":1716,"height":1136,"url":"https:\/\/ikamar.com\/wp-content\/uploads\/2023\/06\/IKAMAR_LOGOTIPO_CELESTE.png","type":"image\/png"}],"twitter_card":"summary_large_image","twitter_misc":{"Estimated reading time":"6 minutes"},"schema":{"@context":"https:\/\/schema.org","@graph":[{"@type":"WebPage","@id":"https:\/\/ikamar.com\/aviso-legal\/","url":"https:\/\/ikamar.com\/aviso-legal\/","name":"Aviso Legal - Ikamar","isPartOf":{"@id":"https:\/\/ikamar.com\/#website"},"datePublished":"2023-10-02T11:16:20+00:00","dateModified":"2023-10-02T11:30:12+00:00","description":"Pescamos, congelamos y distribuimos el mejor pescado, garantizando su calidad desde el origen.","breadcrumb":{"@id":"https:\/\/ikamar.com\/aviso-legal\/#breadcrumb"},"inLanguage":"en-GB","potentialAction":[{"@type":"ReadAction","target":["https:\/\/ikamar.com\/aviso-legal\/"]}]},{"@type":"BreadcrumbList","@id":"https:\/\/ikamar.com\/aviso-legal\/#breadcrumb","itemListElement":[{"@type":"ListItem","position":1,"name":"Portada","item":"https:\/\/ikamar.com\/"},{"@type":"ListItem","position":2,"name":"Aviso Legal"}]},{"@type":"WebSite","@id":"https:\/\/ikamar.com\/#website","url":"https:\/\/ikamar.com\/","name":"Ikamar","description":"Pescamos, congelamos y distribuimos el mejor pescado, garantizando su calidad desde el origen.","publisher":{"@id":"https:\/\/ikamar.com\/#organization"},"potentialAction":[{"@type":"SearchAction","target":{"@type":"EntryPoint","urlTemplate":"https:\/\/ikamar.com\/?s={search_term_string}"},"query-input":{"@type":"PropertyValueSpecification","valueRequired":true,"valueName":"search_term_string"}}],"inLanguage":"en-GB"},{"@type":"Organization","@id":"https:\/\/ikamar.com\/#organization","name":"Ikamar","url":"https:\/\/ikamar.com\/","logo":{"@type":"ImageObject","inLanguage":"en-GB","@id":"https:\/\/ikamar.com\/#\/schema\/logo\/image\/","url":"https:\/\/ikamar.com\/wp-content\/uploads\/2023\/06\/IKAMAR_LOGOTIPO_CELESTE.png","contentUrl":"https:\/\/ikamar.com\/wp-content\/uploads\/2023\/06\/IKAMAR_LOGOTIPO_CELESTE.png","width":1716,"height":1136,"caption":"Ikamar"},"image":{"@id":"https:\/\/ikamar.com\/#\/schema\/logo\/image\/"}}]}},"_links":{"self":[{"href":"https:\/\/ikamar.com\/en\/wp-json\/wp\/v2\/pages\/495","targetHints":{"allow":["GET"]}}],"collection":[{"href":"https:\/\/ikamar.com\/en\/wp-json\/wp\/v2\/pages"}],"about":[{"href":"https:\/\/ikamar.com\/en\/wp-json\/wp\/v2\/types\/page"}],"author":[{"embeddable":true,"href":"https:\/\/ikamar.com\/en\/wp-json\/wp\/v2\/users\/1"}],"replies":[{"embeddable":true,"href":"https:\/\/ikamar.com\/en\/wp-json\/wp\/v2\/comments?post=495"}],"version-history":[{"count":7,"href":"https:\/\/ikamar.com\/en\/wp-json\/wp\/v2\/pages\/495\/revisions"}],"predecessor-version":[{"id":518,"href":"https:\/\/ikamar.com\/en\/wp-json\/wp\/v2\/pages\/495\/revisions\/518"}],"wp:attachment":[{"href":"https:\/\/ikamar.com\/en\/wp-json\/wp\/v2\/media?parent=495"}],"curies":[{"name":"wp","href":"https:\/\/api.w.org\/{rel}","templated":true}]}}